{"id":12111,"date":"2022-03-14T07:40:44","date_gmt":"2022-03-14T07:40:44","guid":{"rendered":"https:\/\/www.irum.ro\/szolgaltatasok\/feluletkezeles\/"},"modified":"2022-05-04T10:27:22","modified_gmt":"2022-05-04T10:27:22","slug":"hokezeles","status":"publish","type":"page","link":"https:\/\/www.irum.ro\/hu\/a-vallalatrol\/szolgaltatasok\/hokezeles\/","title":{"rendered":"H\u0150KEZEL\u00c9S"},"content":{"rendered":"\t\t<div data-elementor-type=\"wp-page\" data-elementor-id=\"12111\" class=\"elementor elementor-12111 elementor-3926\" data-elementor-settings=\"[]\">\n\t\t\t\t\t\t\t<div class=\"elementor-section-wrap\">\n\t\t\t\t\t\t\t<section class=\"elementor-section elementor-top-section elementor-element elementor-element-c81b546 elementor-section-boxed elementor-section-height-default elementor-section-height-default\" data-id=\"c81b546\" data-element_type=\"section\">\n\t\t\t\t\t\t<div class=\"elementor-container elementor-column-gap-default\">\n\t\t\t\t\t<div class=\"elementor-column elementor-col-100 elementor-top-column elementor-element elementor-element-b5ff820\" data-id=\"b5ff820\" data-element_type=\"column\">\n\t\t\t<div class=\"elementor-widget-wrap\">\n\t\t\t\t\t\t\t\t\t<\/div>\n\t\t<\/div>\n\t\t\t\t\t\t\t<\/div>\n\t\t<\/section>\n\t\t\t\t<section class=\"elementor-section elementor-top-section elementor-element elementor-element-13601de elementor-section-boxed elementor-section-height-default elementor-section-height-default\" data-id=\"13601de\" data-element_type=\"section\">\n\t\t\t\t\t\t<div class=\"elementor-container elementor-column-gap-default\">\n\t\t\t\t\t<div class=\"elementor-column elementor-col-100 elementor-top-column elementor-element elementor-element-632e66c\" data-id=\"632e66c\" data-element_type=\"column\">\n\t\t\t<div class=\"elementor-widget-wrap elementor-element-populated\">\n\t\t\t\t\t\t\t\t<div class=\"elementor-element elementor-element-9906bcd elementor-widget elementor-widget-heading\" data-id=\"9906bcd\" data-element_type=\"widget\" data-widget_type=\"heading.default\">\n\t\t\t\t<div class=\"elementor-widget-container\">\n\t\t\t<style>\/*! elementor - v3.5.6 - 28-02-2022 *\/\n.elementor-heading-title{padding:0;margin:0;line-height:1}.elementor-widget-heading .elementor-heading-title[class*=elementor-size-]>a{color:inherit;font-size:inherit;line-height:inherit}.elementor-widget-heading .elementor-heading-title.elementor-size-small{font-size:15px}.elementor-widget-heading .elementor-heading-title.elementor-size-medium{font-size:19px}.elementor-widget-heading .elementor-heading-title.elementor-size-large{font-size:29px}.elementor-widget-heading .elementor-heading-title.elementor-size-xl{font-size:39px}.elementor-widget-heading .elementor-heading-title.elementor-size-xxl{font-size:59px}<\/style><h2 class=\"elementor-heading-title elementor-size-default\">BEMUTAT\u00c1S<\/h2>\t\t<\/div>\n\t\t\t\t<\/div>\n\t\t\t\t\t<\/div>\n\t\t<\/div>\n\t\t\t\t\t\t\t<\/div>\n\t\t<\/section>\n\t\t\t\t<section class=\"elementor-section elementor-top-section elementor-element elementor-element-9cd08d9 elementor-section-boxed elementor-section-height-default elementor-section-height-default\" data-id=\"9cd08d9\" data-element_type=\"section\">\n\t\t\t\t\t\t<div class=\"elementor-container elementor-column-gap-default\">\n\t\t\t\t\t<div class=\"elementor-column elementor-col-100 elementor-top-column elementor-element elementor-element-d2b7802\" data-id=\"d2b7802\" data-element_type=\"column\">\n\t\t\t<div class=\"elementor-widget-wrap elementor-element-populated\">\n\t\t\t\t\t\t\t\t<div class=\"elementor-element elementor-element-2d02271 elementor-widget elementor-widget-text-editor\" data-id=\"2d02271\" data-element_type=\"widget\" data-widget_type=\"text-editor.default\">\n\t\t\t\t<div class=\"elementor-widget-container\">\n\t\t\t<style>\/*! elementor - v3.5.6 - 28-02-2022 *\/\n.elementor-widget-text-editor.elementor-drop-cap-view-stacked .elementor-drop-cap{background-color:#818a91;color:#fff}.elementor-widget-text-editor.elementor-drop-cap-view-framed .elementor-drop-cap{color:#818a91;border:3px solid;background-color:transparent}.elementor-widget-text-editor:not(.elementor-drop-cap-view-default) .elementor-drop-cap{margin-top:8px}.elementor-widget-text-editor:not(.elementor-drop-cap-view-default) .elementor-drop-cap-letter{width:1em;height:1em}.elementor-widget-text-editor .elementor-drop-cap{float:left;text-align:center;line-height:1;font-size:50px}.elementor-widget-text-editor .elementor-drop-cap-letter{display:inline-block}<\/style>\t\t\t\t<p>H\u0151kezel\u0151 r\u00e9szleg\u00fcnk a kezdetek \u00f3ta r\u00e9sze az IRUM g\u00e9pek gy\u00e1rt\u00e1si folyamat\u00e1nak: a k\u00fcl\u00f6nb\u00f6z\u0151 alkatr\u00e9szek kezel\u00e9s\u00e9t &#8211; a csavarokt\u00f3l a t\u00e1vtart\u00f3 gy\u0171r\u0171kig &#8211; itt v\u00e9gezz\u00fck t\u00f6bb mint 60 \u00e9ve. Emellett a ter\u00fcleten szerzett tapasztalatunk lehet\u0151v\u00e9 teszi sz\u00e1munkra, hogy a megrendel\u00e9sre hasonl\u00f3 munk\u00e1k sz\u00e9les sk\u00e1l\u00e1j\u00e1t v\u00e9gezz\u00fck el, az \u00fcgyfelek ig\u00e9nyei szerint.<\/p><p>F\u0151 tev\u00e9kenys\u00e9g\u00fcnk az al\u00e1bbiak h\u0151kezel\u00e9se: l\u00e1ncker\u00e9k, bolyg\u00f3tengely, csavar, persely, csap, csavar, t\u00e1vtart\u00f3 gy\u0171r\u0171. Ugyanakkor, az \u00fcgyf\u00e9l ig\u00e9nyei szerint, b\u00e1rmilyen t\u00edpus\u00fa sz\u00e9nac\u00e9lb\u00f3l vagy \u00f6tv\u00f6z\u00f6tt ac\u00e9lb\u00f3l k\u00e9sz\u00edtett darabokon cement\u00e1l\u00f3 h\u0151kezel\u00e9s v\u00e9gezhet\u0151, valamint a kem\u00e9ny\u00edt\u00e9s, amelyet alacsony, k\u00f6zepes vagy magas visszat\u00e9r\u00e9s eredm\u00e9nyez a min\u0151s\u00e9gi sz\u00e9nac\u00e9lb\u00f3l, enyhe ac\u00e9lb\u00f3l \u00e9s \u00f6ntv\u00e9nyekb\u0151l, valamint sz\u00fcrke vagy g\u00f6mb\u00f6s \u00f6nt\u00f6ttvasak.<\/p><p>Tapasztalatunk \u00e9s a k\u00e9pzett szem\u00e9lyzet mellett a konkurenci\u00e1hoz viszony\u00edtott f\u0151 el\u0151nyeink a modern felszerel\u00e9s: a leg\u00fajabb munkaparam\u00e9terek megfigyel\u00e9s\u00e9re \u00e9s be\u00e1ll\u00edt\u00e1s\u00e1ra szolg\u00e1l\u00f3 berendez\u00e9ssel rendelkez\u00fcnk. Mindez optim\u00e1lis min\u0151s\u00e9gi szintet, valamint a termel\u00e9si folyamat hat\u00e9konys\u00e1g\u00e1t eredm\u00e9nyezi, szolg\u00e1ltat\u00e1saink a legig\u00e9nyesebb megold\u00e1sokhoz igazodnak.<\/p>\t\t\t\t\t\t<\/div>\n\t\t\t\t<\/div>\n\t\t\t\t\t<\/div>\n\t\t<\/div>\n\t\t\t\t\t\t\t<\/div>\n\t\t<\/section>\n\t\t\t\t\t\t<\/div>\n\t\t\t\t\t<\/div>\n\t\t","protected":false},"excerpt":{"rendered":"<p>BEMUTAT\u00c1S H\u0151kezel\u0151 r\u00e9szleg\u00fcnk a kezdetek \u00f3ta r\u00e9sze az IRUM g\u00e9pek<\/p>\n","protected":false},"author":1,"featured_media":6666,"parent":12103,"menu_order":0,"comment_status":"closed","ping_status":"closed","template":"elementor_header_footer","meta":{"om_disable_all_campaigns":false,"footnotes":""},"class_list":["post-12111","page","type-page","status-publish","has-post-thumbnail","hentry"],"yoast_head":"<!-- This site is optimized with the Yoast SEO plugin v20.7 - https:\/\/yoast.com\/wordpress\/plugins\/seo\/ -->\n<title>IRUM - H\u0150KEZEL\u00c9S<\/title>\n<meta name=\"robots\" content=\"index, follow, max-snippet:-1, max-image-preview:large, max-video-preview:-1\" \/>\n<link rel=\"canonical\" href=\"https:\/\/www.irum.ro\/hu\/a-vallalatrol\/szolgaltatasok\/hokezeles\/\" \/>\n<meta property=\"og:locale\" content=\"hu_HU\" \/>\n<meta property=\"og:type\" content=\"article\" \/>\n<meta property=\"og:title\" content=\"IRUM - H\u0150KEZEL\u00c9S\" \/>\n<meta property=\"og:description\" content=\"BEMUTAT\u00c1S H\u0151kezel\u0151 r\u00e9szleg\u00fcnk a kezdetek \u00f3ta r\u00e9sze az IRUM g\u00e9pek\" \/>\n<meta property=\"og:url\" content=\"https:\/\/www.irum.ro\/hu\/a-vallalatrol\/szolgaltatasok\/hokezeles\/\" \/>\n<meta property=\"og:site_name\" content=\"IRUM\" \/>\n<meta property=\"article:modified_time\" content=\"2022-05-04T10:27:22+00:00\" \/>\n<meta property=\"og:image\" content=\"https:\/\/www.irum.ro\/wp-content\/uploads\/2022\/03\/tratamente-termice-1.jpg\" \/>\n\t<meta property=\"og:image:width\" content=\"1110\" \/>\n\t<meta property=\"og:image:height\" content=\"500\" \/>\n\t<meta property=\"og:image:type\" content=\"image\/jpeg\" \/>\n<meta name=\"twitter:card\" content=\"summary_large_image\" \/>\n<meta name=\"twitter:label1\" content=\"Becs\u00fclt olvas\u00e1si id\u0151\" \/>\n\t<meta name=\"twitter:data1\" content=\"1 perc\" \/>\n<script type=\"application\/ld+json\" class=\"yoast-schema-graph\">{\"@context\":\"https:\/\/schema.org\",\"@graph\":[{\"@type\":\"WebPage\",\"@id\":\"https:\/\/www.irum.ro\/hu\/a-vallalatrol\/szolgaltatasok\/hokezeles\/\",\"url\":\"https:\/\/www.irum.ro\/hu\/a-vallalatrol\/szolgaltatasok\/hokezeles\/\",\"name\":\"IRUM - H\u0150KEZEL\u00c9S\",\"isPartOf\":{\"@id\":\"https:\/\/www.irum.ro\/hu\/#website\"},\"datePublished\":\"2022-03-14T07:40:44+00:00\",\"dateModified\":\"2022-05-04T10:27:22+00:00\",\"breadcrumb\":{\"@id\":\"https:\/\/www.irum.ro\/hu\/a-vallalatrol\/szolgaltatasok\/hokezeles\/#breadcrumb\"},\"inLanguage\":\"hu\",\"potentialAction\":[{\"@type\":\"ReadAction\",\"target\":[\"https:\/\/www.irum.ro\/hu\/a-vallalatrol\/szolgaltatasok\/hokezeles\/\"]}]},{\"@type\":\"BreadcrumbList\",\"@id\":\"https:\/\/www.irum.ro\/hu\/a-vallalatrol\/szolgaltatasok\/hokezeles\/#breadcrumb\",\"itemListElement\":[{\"@type\":\"ListItem\",\"position\":1,\"name\":\"Prima pagin\u0103\",\"item\":\"https:\/\/www.irum.ro\/hu\/\"},{\"@type\":\"ListItem\",\"position\":2,\"name\":\"SZOLG\u00c1LTAT\u00c1SOK\",\"item\":\"https:\/\/www.irum.ro\/hu\/szolgaltatasok\/\"},{\"@type\":\"ListItem\",\"position\":3,\"name\":\"H\u0150KEZEL\u00c9S\"}]},{\"@type\":\"WebSite\",\"@id\":\"https:\/\/www.irum.ro\/hu\/#website\",\"url\":\"https:\/\/www.irum.ro\/hu\/\",\"name\":\"IRUM\",\"description\":\"Tractoare Rom\u00e2ne\u0219ti\",\"potentialAction\":[{\"@type\":\"SearchAction\",\"target\":{\"@type\":\"EntryPoint\",\"urlTemplate\":\"https:\/\/www.irum.ro\/hu\/?s={search_term_string}\"},\"query-input\":\"required name=search_term_string\"}],\"inLanguage\":\"hu\"}]}<\/script>\n<!-- \/ Yoast SEO plugin. -->","yoast_head_json":{"title":"IRUM - H\u0150KEZEL\u00c9S","robots":{"index":"index","follow":"follow","max-snippet":"max-snippet:-1","max-image-preview":"max-image-preview:large","max-video-preview":"max-video-preview:-1"},"canonical":"https:\/\/www.irum.ro\/hu\/a-vallalatrol\/szolgaltatasok\/hokezeles\/","og_locale":"hu_HU","og_type":"article","og_title":"IRUM - H\u0150KEZEL\u00c9S","og_description":"BEMUTAT\u00c1S H\u0151kezel\u0151 r\u00e9szleg\u00fcnk a kezdetek \u00f3ta r\u00e9sze az IRUM g\u00e9pek","og_url":"https:\/\/www.irum.ro\/hu\/a-vallalatrol\/szolgaltatasok\/hokezeles\/","og_site_name":"IRUM","article_modified_time":"2022-05-04T10:27:22+00:00","og_image":[{"width":1110,"height":500,"url":"https:\/\/www.irum.ro\/wp-content\/uploads\/2022\/03\/tratamente-termice-1.jpg","type":"image\/jpeg"}],"twitter_card":"summary_large_image","twitter_misc":{"Becs\u00fclt olvas\u00e1si id\u0151":"1 perc"},"schema":{"@context":"https:\/\/schema.org","@graph":[{"@type":"WebPage","@id":"https:\/\/www.irum.ro\/hu\/a-vallalatrol\/szolgaltatasok\/hokezeles\/","url":"https:\/\/www.irum.ro\/hu\/a-vallalatrol\/szolgaltatasok\/hokezeles\/","name":"IRUM - H\u0150KEZEL\u00c9S","isPartOf":{"@id":"https:\/\/www.irum.ro\/hu\/#website"},"datePublished":"2022-03-14T07:40:44+00:00","dateModified":"2022-05-04T10:27:22+00:00","breadcrumb":{"@id":"https:\/\/www.irum.ro\/hu\/a-vallalatrol\/szolgaltatasok\/hokezeles\/#breadcrumb"},"inLanguage":"hu","potentialAction":[{"@type":"ReadAction","target":["https:\/\/www.irum.ro\/hu\/a-vallalatrol\/szolgaltatasok\/hokezeles\/"]}]},{"@type":"BreadcrumbList","@id":"https:\/\/www.irum.ro\/hu\/a-vallalatrol\/szolgaltatasok\/hokezeles\/#breadcrumb","itemListElement":[{"@type":"ListItem","position":1,"name":"Prima pagin\u0103","item":"https:\/\/www.irum.ro\/hu\/"},{"@type":"ListItem","position":2,"name":"SZOLG\u00c1LTAT\u00c1SOK","item":"https:\/\/www.irum.ro\/hu\/szolgaltatasok\/"},{"@type":"ListItem","position":3,"name":"H\u0150KEZEL\u00c9S"}]},{"@type":"WebSite","@id":"https:\/\/www.irum.ro\/hu\/#website","url":"https:\/\/www.irum.ro\/hu\/","name":"IRUM","description":"Tractoare Rom\u00e2ne\u0219ti","potentialAction":[{"@type":"SearchAction","target":{"@type":"EntryPoint","urlTemplate":"https:\/\/www.irum.ro\/hu\/?s={search_term_string}"},"query-input":"required name=search_term_string"}],"inLanguage":"hu"}]}},"_links":{"self":[{"href":"https:\/\/www.irum.ro\/hu\/wp-json\/wp\/v2\/pages\/12111","targetHints":{"allow":["GET"]}}],"collection":[{"href":"https:\/\/www.irum.ro\/hu\/wp-json\/wp\/v2\/pages"}],"about":[{"href":"https:\/\/www.irum.ro\/hu\/wp-json\/wp\/v2\/types\/page"}],"author":[{"embeddable":true,"href":"https:\/\/www.irum.ro\/hu\/wp-json\/wp\/v2\/users\/1"}],"replies":[{"embeddable":true,"href":"https:\/\/www.irum.ro\/hu\/wp-json\/wp\/v2\/comments?post=12111"}],"version-history":[{"count":0,"href":"https:\/\/www.irum.ro\/hu\/wp-json\/wp\/v2\/pages\/12111\/revisions"}],"up":[{"embeddable":true,"href":"https:\/\/www.irum.ro\/hu\/wp-json\/wp\/v2\/pages\/12103"}],"wp:featuredmedia":[{"embeddable":true,"href":"https:\/\/www.irum.ro\/hu\/wp-json\/wp\/v2\/media\/6666"}],"wp:attachment":[{"href":"https:\/\/www.irum.ro\/hu\/wp-json\/wp\/v2\/media?parent=12111"}],"curies":[{"name":"wp","href":"https:\/\/api.w.org\/{rel}","templated":true}]}}