{"id":12107,"date":"2022-03-14T07:29:38","date_gmt":"2022-03-14T07:29:38","guid":{"rendered":"https:\/\/www.irum.ro\/szolgaltatasok\/cnc-feldolgozas\/"},"modified":"2022-05-04T10:21:17","modified_gmt":"2022-05-04T10:21:17","slug":"cnc-feldolgozas","status":"publish","type":"page","link":"https:\/\/www.irum.ro\/hu\/a-vallalatrol\/szolgaltatasok\/cnc-feldolgozas\/","title":{"rendered":"CNC FELDOLGOZ\u00c1S"},"content":{"rendered":"\t\t<div data-elementor-type=\"wp-page\" data-elementor-id=\"12107\" class=\"elementor elementor-12107 elementor-3887\" data-elementor-settings=\"[]\">\n\t\t\t\t\t\t\t<div class=\"elementor-section-wrap\">\n\t\t\t\t\t\t\t<section class=\"elementor-section elementor-top-section elementor-element elementor-element-c81b546 elementor-section-boxed elementor-section-height-default elementor-section-height-default\" data-id=\"c81b546\" data-element_type=\"section\">\n\t\t\t\t\t\t<div class=\"elementor-container elementor-column-gap-default\">\n\t\t\t\t\t<div class=\"elementor-column elementor-col-100 elementor-top-column elementor-element elementor-element-b5ff820\" data-id=\"b5ff820\" data-element_type=\"column\">\n\t\t\t<div class=\"elementor-widget-wrap\">\n\t\t\t\t\t\t\t\t\t<\/div>\n\t\t<\/div>\n\t\t\t\t\t\t\t<\/div>\n\t\t<\/section>\n\t\t\t\t<section class=\"elementor-section elementor-top-section elementor-element elementor-element-13601de elementor-section-boxed elementor-section-height-default elementor-section-height-default\" data-id=\"13601de\" data-element_type=\"section\">\n\t\t\t\t\t\t<div class=\"elementor-container elementor-column-gap-default\">\n\t\t\t\t\t<div class=\"elementor-column elementor-col-100 elementor-top-column elementor-element elementor-element-632e66c\" data-id=\"632e66c\" data-element_type=\"column\">\n\t\t\t<div class=\"elementor-widget-wrap elementor-element-populated\">\n\t\t\t\t\t\t\t\t<div class=\"elementor-element elementor-element-9906bcd elementor-widget elementor-widget-heading\" data-id=\"9906bcd\" data-element_type=\"widget\" data-widget_type=\"heading.default\">\n\t\t\t\t<div class=\"elementor-widget-container\">\n\t\t\t<style>\/*! elementor - v3.5.6 - 28-02-2022 *\/\n.elementor-heading-title{padding:0;margin:0;line-height:1}.elementor-widget-heading .elementor-heading-title[class*=elementor-size-]>a{color:inherit;font-size:inherit;line-height:inherit}.elementor-widget-heading .elementor-heading-title.elementor-size-small{font-size:15px}.elementor-widget-heading .elementor-heading-title.elementor-size-medium{font-size:19px}.elementor-widget-heading .elementor-heading-title.elementor-size-large{font-size:29px}.elementor-widget-heading .elementor-heading-title.elementor-size-xl{font-size:39px}.elementor-widget-heading .elementor-heading-title.elementor-size-xxl{font-size:59px}<\/style><h2 class=\"elementor-heading-title elementor-size-default\">BEMUTAT\u00c1S<\/h2>\t\t<\/div>\n\t\t\t\t<\/div>\n\t\t\t\t\t<\/div>\n\t\t<\/div>\n\t\t\t\t\t\t\t<\/div>\n\t\t<\/section>\n\t\t\t\t<section class=\"elementor-section elementor-top-section elementor-element elementor-element-9cd08d9 elementor-section-boxed elementor-section-height-default elementor-section-height-default\" data-id=\"9cd08d9\" data-element_type=\"section\">\n\t\t\t\t\t\t<div class=\"elementor-container elementor-column-gap-default\">\n\t\t\t\t\t<div class=\"elementor-column elementor-col-100 elementor-top-column elementor-element elementor-element-d2b7802\" data-id=\"d2b7802\" data-element_type=\"column\">\n\t\t\t<div class=\"elementor-widget-wrap elementor-element-populated\">\n\t\t\t\t\t\t\t\t<div class=\"elementor-element elementor-element-2d02271 elementor-widget elementor-widget-text-editor\" data-id=\"2d02271\" data-element_type=\"widget\" data-widget_type=\"text-editor.default\">\n\t\t\t\t<div class=\"elementor-widget-container\">\n\t\t\t<style>\/*! elementor - v3.5.6 - 28-02-2022 *\/\n.elementor-widget-text-editor.elementor-drop-cap-view-stacked .elementor-drop-cap{background-color:#818a91;color:#fff}.elementor-widget-text-editor.elementor-drop-cap-view-framed .elementor-drop-cap{color:#818a91;border:3px solid;background-color:transparent}.elementor-widget-text-editor:not(.elementor-drop-cap-view-default) .elementor-drop-cap{margin-top:8px}.elementor-widget-text-editor:not(.elementor-drop-cap-view-default) .elementor-drop-cap-letter{width:1em;height:1em}.elementor-widget-text-editor .elementor-drop-cap{float:left;text-align:center;line-height:1;font-size:50px}.elementor-widget-text-editor .elementor-drop-cap-letter{display:inline-block}<\/style>\t\t\t\t<p>C\u00e9g\u00fcnk f\u00e9mmegmunk\u00e1l\u00e1si oszt\u00e1lya az IRUM gy\u00e1rt\u00f3sor fontos r\u00e9sz\u00e9t k\u00e9pezi t\u00f6bb mint 60 \u00e9ve: a karossz\u00e9ri\u00e1t\u00f3l a tart\u00e1lyokig a TAF-ok \u00e9s alkatr\u00e9szek nagy r\u00e9sz\u00e9t itt gy\u00e1rtj\u00e1k. Ezenk\u00edv\u00fcl tapasztalataink alapj\u00e1n k\u00e9pesek vagyunk a legv\u00e1ltozatosabb k\u00f6nny\u0171 \u00e9s neh\u00e9zf\u00e9m megmunk\u00e1l\u00e1si megrendel\u00e9seknek eleget tenni, az \u00fcgyfelek ig\u00e9nyei szerint.<\/p><p>A r\u00e9szleg\u00fcnk \u00e1ltal gy\u00e1rtott f\u0151 alkatr\u00e9szek egyar\u00e1nt forradalmi alkatr\u00e9szek, mint p\u00e9ld\u00e1ul: l\u00e1nckerekek, l\u00e1nckerekek, tengelyek, csigaker\u00e9k hajt\u00f3m\u0171 a 10-es modulig, valamint h\u00e1z t\u00edpus\u00fa alkatr\u00e9szek: cs\u00f6rl\u0151h\u00e1z, l\u00e1nch\u00e1z, differenci\u00e1lm\u0171 h\u00e1z \u00e9s egyebek. Vev\u0151i ig\u00e9nyek szerint b\u00e1rmilyen megmunk\u00e1l\u00e1st elv\u00e9gezhet\u00fcnk (\u03a61000 mm m\u00e9retig, 4000 mm hosszig). Emellett, tekintettel munk\u00e1nk m\u00e9ret\u00e9re, fontos el\u0151ny\u00fcnk a versenyt\u00e1rsakkal szemben, hogy k\u00e9pesek vagyunk egy norm\u00e1l m\u0171helyn\u00e9l sokkal nagyobb alkatr\u00e9szeket kezelni.<\/p><p>Az IRUM f\u00e9mmegmunk\u00e1l\u00f3 r\u00e9szlege modern berendez\u00e9sekkel rendelkezik, klasszikus \u00e9s numerikus vez\u00e9rl\u00e9s\u0171 (CNC) g\u00e9pekb\u0151l is \u00e1ll, a nagy teljes\u00edtm\u00e9ny\u0171 g\u00e9pek a feldolgoz\u00f3 szakemberekkel egy\u00fctt biztos\u00edtj\u00e1k az optim\u00e1lis min\u0151s\u00e9gi szintet maxim\u00e1lis hat\u00e9konys\u00e1ggal.<\/p>\t\t\t\t\t\t<\/div>\n\t\t\t\t<\/div>\n\t\t\t\t\t<\/div>\n\t\t<\/div>\n\t\t\t\t\t\t\t<\/div>\n\t\t<\/section>\n\t\t\t\t\t\t<\/div>\n\t\t\t\t\t<\/div>\n\t\t","protected":false},"excerpt":{"rendered":"<p>BEMUTAT\u00c1S C\u00e9g\u00fcnk f\u00e9mmegmunk\u00e1l\u00e1si oszt\u00e1lya az IRUM gy\u00e1rt\u00f3sor fontos r\u00e9sz\u00e9t k\u00e9pezi<\/p>\n","protected":false},"author":1,"featured_media":6668,"parent":12103,"menu_order":0,"comment_status":"closed","ping_status":"closed","template":"elementor_header_footer","meta":{"om_disable_all_campaigns":false,"footnotes":""},"class_list":["post-12107","page","type-page","status-publish","has-post-thumbnail","hentry"],"yoast_head":"<!-- This site is optimized with the Yoast SEO plugin v20.7 - https:\/\/yoast.com\/wordpress\/plugins\/seo\/ -->\n<title>IRUM - CNC FELDOLGOZ\u00c1S<\/title>\n<meta name=\"robots\" content=\"index, follow, max-snippet:-1, max-image-preview:large, max-video-preview:-1\" \/>\n<link rel=\"canonical\" href=\"https:\/\/www.irum.ro\/hu\/a-vallalatrol\/szolgaltatasok\/cnc-feldolgozas\/\" \/>\n<meta property=\"og:locale\" content=\"hu_HU\" \/>\n<meta property=\"og:type\" content=\"article\" \/>\n<meta property=\"og:title\" content=\"IRUM - CNC FELDOLGOZ\u00c1S\" \/>\n<meta property=\"og:description\" content=\"BEMUTAT\u00c1S C\u00e9g\u00fcnk f\u00e9mmegmunk\u00e1l\u00e1si oszt\u00e1lya az IRUM gy\u00e1rt\u00f3sor fontos r\u00e9sz\u00e9t k\u00e9pezi\" \/>\n<meta property=\"og:url\" content=\"https:\/\/www.irum.ro\/hu\/a-vallalatrol\/szolgaltatasok\/cnc-feldolgozas\/\" \/>\n<meta property=\"og:site_name\" content=\"IRUM\" \/>\n<meta property=\"article:modified_time\" content=\"2022-05-04T10:21:17+00:00\" \/>\n<meta property=\"og:image\" content=\"https:\/\/www.irum.ro\/wp-content\/uploads\/2022\/03\/prelucrari-cnc-1.jpg\" \/>\n\t<meta property=\"og:image:width\" content=\"1110\" \/>\n\t<meta property=\"og:image:height\" content=\"500\" \/>\n\t<meta property=\"og:image:type\" content=\"image\/jpeg\" \/>\n<meta name=\"twitter:card\" content=\"summary_large_image\" \/>\n<meta name=\"twitter:label1\" content=\"Becs\u00fclt olvas\u00e1si id\u0151\" \/>\n\t<meta name=\"twitter:data1\" content=\"1 perc\" \/>\n<script type=\"application\/ld+json\" class=\"yoast-schema-graph\">{\"@context\":\"https:\/\/schema.org\",\"@graph\":[{\"@type\":\"WebPage\",\"@id\":\"https:\/\/www.irum.ro\/hu\/a-vallalatrol\/szolgaltatasok\/cnc-feldolgozas\/\",\"url\":\"https:\/\/www.irum.ro\/hu\/a-vallalatrol\/szolgaltatasok\/cnc-feldolgozas\/\",\"name\":\"IRUM - CNC FELDOLGOZ\u00c1S\",\"isPartOf\":{\"@id\":\"https:\/\/www.irum.ro\/hu\/#website\"},\"datePublished\":\"2022-03-14T07:29:38+00:00\",\"dateModified\":\"2022-05-04T10:21:17+00:00\",\"breadcrumb\":{\"@id\":\"https:\/\/www.irum.ro\/hu\/a-vallalatrol\/szolgaltatasok\/cnc-feldolgozas\/#breadcrumb\"},\"inLanguage\":\"hu\",\"potentialAction\":[{\"@type\":\"ReadAction\",\"target\":[\"https:\/\/www.irum.ro\/hu\/a-vallalatrol\/szolgaltatasok\/cnc-feldolgozas\/\"]}]},{\"@type\":\"BreadcrumbList\",\"@id\":\"https:\/\/www.irum.ro\/hu\/a-vallalatrol\/szolgaltatasok\/cnc-feldolgozas\/#breadcrumb\",\"itemListElement\":[{\"@type\":\"ListItem\",\"position\":1,\"name\":\"Prima pagin\u0103\",\"item\":\"https:\/\/www.irum.ro\/hu\/\"},{\"@type\":\"ListItem\",\"position\":2,\"name\":\"SZOLG\u00c1LTAT\u00c1SOK\",\"item\":\"https:\/\/www.irum.ro\/hu\/szolgaltatasok\/\"},{\"@type\":\"ListItem\",\"position\":3,\"name\":\"CNC FELDOLGOZ\u00c1S\"}]},{\"@type\":\"WebSite\",\"@id\":\"https:\/\/www.irum.ro\/hu\/#website\",\"url\":\"https:\/\/www.irum.ro\/hu\/\",\"name\":\"IRUM\",\"description\":\"Tractoare Rom\u00e2ne\u0219ti\",\"potentialAction\":[{\"@type\":\"SearchAction\",\"target\":{\"@type\":\"EntryPoint\",\"urlTemplate\":\"https:\/\/www.irum.ro\/hu\/?s={search_term_string}\"},\"query-input\":\"required name=search_term_string\"}],\"inLanguage\":\"hu\"}]}<\/script>\n<!-- \/ Yoast SEO plugin. -->","yoast_head_json":{"title":"IRUM - CNC FELDOLGOZ\u00c1S","robots":{"index":"index","follow":"follow","max-snippet":"max-snippet:-1","max-image-preview":"max-image-preview:large","max-video-preview":"max-video-preview:-1"},"canonical":"https:\/\/www.irum.ro\/hu\/a-vallalatrol\/szolgaltatasok\/cnc-feldolgozas\/","og_locale":"hu_HU","og_type":"article","og_title":"IRUM - CNC FELDOLGOZ\u00c1S","og_description":"BEMUTAT\u00c1S C\u00e9g\u00fcnk f\u00e9mmegmunk\u00e1l\u00e1si oszt\u00e1lya az IRUM gy\u00e1rt\u00f3sor fontos r\u00e9sz\u00e9t k\u00e9pezi","og_url":"https:\/\/www.irum.ro\/hu\/a-vallalatrol\/szolgaltatasok\/cnc-feldolgozas\/","og_site_name":"IRUM","article_modified_time":"2022-05-04T10:21:17+00:00","og_image":[{"width":1110,"height":500,"url":"https:\/\/www.irum.ro\/wp-content\/uploads\/2022\/03\/prelucrari-cnc-1.jpg","type":"image\/jpeg"}],"twitter_card":"summary_large_image","twitter_misc":{"Becs\u00fclt olvas\u00e1si id\u0151":"1 perc"},"schema":{"@context":"https:\/\/schema.org","@graph":[{"@type":"WebPage","@id":"https:\/\/www.irum.ro\/hu\/a-vallalatrol\/szolgaltatasok\/cnc-feldolgozas\/","url":"https:\/\/www.irum.ro\/hu\/a-vallalatrol\/szolgaltatasok\/cnc-feldolgozas\/","name":"IRUM - CNC FELDOLGOZ\u00c1S","isPartOf":{"@id":"https:\/\/www.irum.ro\/hu\/#website"},"datePublished":"2022-03-14T07:29:38+00:00","dateModified":"2022-05-04T10:21:17+00:00","breadcrumb":{"@id":"https:\/\/www.irum.ro\/hu\/a-vallalatrol\/szolgaltatasok\/cnc-feldolgozas\/#breadcrumb"},"inLanguage":"hu","potentialAction":[{"@type":"ReadAction","target":["https:\/\/www.irum.ro\/hu\/a-vallalatrol\/szolgaltatasok\/cnc-feldolgozas\/"]}]},{"@type":"BreadcrumbList","@id":"https:\/\/www.irum.ro\/hu\/a-vallalatrol\/szolgaltatasok\/cnc-feldolgozas\/#breadcrumb","itemListElement":[{"@type":"ListItem","position":1,"name":"Prima pagin\u0103","item":"https:\/\/www.irum.ro\/hu\/"},{"@type":"ListItem","position":2,"name":"SZOLG\u00c1LTAT\u00c1SOK","item":"https:\/\/www.irum.ro\/hu\/szolgaltatasok\/"},{"@type":"ListItem","position":3,"name":"CNC FELDOLGOZ\u00c1S"}]},{"@type":"WebSite","@id":"https:\/\/www.irum.ro\/hu\/#website","url":"https:\/\/www.irum.ro\/hu\/","name":"IRUM","description":"Tractoare Rom\u00e2ne\u0219ti","potentialAction":[{"@type":"SearchAction","target":{"@type":"EntryPoint","urlTemplate":"https:\/\/www.irum.ro\/hu\/?s={search_term_string}"},"query-input":"required name=search_term_string"}],"inLanguage":"hu"}]}},"_links":{"self":[{"href":"https:\/\/www.irum.ro\/hu\/wp-json\/wp\/v2\/pages\/12107","targetHints":{"allow":["GET"]}}],"collection":[{"href":"https:\/\/www.irum.ro\/hu\/wp-json\/wp\/v2\/pages"}],"about":[{"href":"https:\/\/www.irum.ro\/hu\/wp-json\/wp\/v2\/types\/page"}],"author":[{"embeddable":true,"href":"https:\/\/www.irum.ro\/hu\/wp-json\/wp\/v2\/users\/1"}],"replies":[{"embeddable":true,"href":"https:\/\/www.irum.ro\/hu\/wp-json\/wp\/v2\/comments?post=12107"}],"version-history":[{"count":0,"href":"https:\/\/www.irum.ro\/hu\/wp-json\/wp\/v2\/pages\/12107\/revisions"}],"up":[{"embeddable":true,"href":"https:\/\/www.irum.ro\/hu\/wp-json\/wp\/v2\/pages\/12103"}],"wp:featuredmedia":[{"embeddable":true,"href":"https:\/\/www.irum.ro\/hu\/wp-json\/wp\/v2\/media\/6668"}],"wp:attachment":[{"href":"https:\/\/www.irum.ro\/hu\/wp-json\/wp\/v2\/media?parent=12107"}],"curies":[{"name":"wp","href":"https:\/\/api.w.org\/{rel}","templated":true}]}}