{"id":12105,"date":"2022-03-14T06:40:59","date_gmt":"2022-03-14T06:40:59","guid":{"rendered":"https:\/\/www.irum.ro\/szolgaltatasok\/ontode\/"},"modified":"2022-05-04T10:29:20","modified_gmt":"2022-05-04T10:29:20","slug":"ontode","status":"publish","type":"page","link":"https:\/\/www.irum.ro\/hu\/a-vallalatrol\/szolgaltatasok\/ontode\/","title":{"rendered":"\u00d6NT\u00d6DE"},"content":{"rendered":"\t\t<div data-elementor-type=\"wp-page\" data-elementor-id=\"12105\" class=\"elementor elementor-12105 elementor-3861\" data-elementor-settings=\"[]\">\n\t\t\t\t\t\t\t<div class=\"elementor-section-wrap\">\n\t\t\t\t\t\t\t<section class=\"elementor-section elementor-top-section elementor-element elementor-element-c81b546 elementor-section-boxed elementor-section-height-default elementor-section-height-default\" data-id=\"c81b546\" data-element_type=\"section\">\n\t\t\t\t\t\t<div class=\"elementor-container elementor-column-gap-default\">\n\t\t\t\t\t<div class=\"elementor-column elementor-col-100 elementor-top-column elementor-element elementor-element-b5ff820\" data-id=\"b5ff820\" data-element_type=\"column\">\n\t\t\t<div class=\"elementor-widget-wrap\">\n\t\t\t\t\t\t\t\t\t<\/div>\n\t\t<\/div>\n\t\t\t\t\t\t\t<\/div>\n\t\t<\/section>\n\t\t\t\t<section class=\"elementor-section elementor-top-section elementor-element elementor-element-13601de elementor-section-boxed elementor-section-height-default elementor-section-height-default\" data-id=\"13601de\" data-element_type=\"section\">\n\t\t\t\t\t\t<div class=\"elementor-container elementor-column-gap-default\">\n\t\t\t\t\t<div class=\"elementor-column elementor-col-100 elementor-top-column elementor-element elementor-element-632e66c\" data-id=\"632e66c\" data-element_type=\"column\">\n\t\t\t<div class=\"elementor-widget-wrap elementor-element-populated\">\n\t\t\t\t\t\t\t\t<div class=\"elementor-element elementor-element-9906bcd elementor-widget elementor-widget-heading\" data-id=\"9906bcd\" data-element_type=\"widget\" data-widget_type=\"heading.default\">\n\t\t\t\t<div class=\"elementor-widget-container\">\n\t\t\t<style>\/*! elementor - v3.5.6 - 28-02-2022 *\/\n.elementor-heading-title{padding:0;margin:0;line-height:1}.elementor-widget-heading .elementor-heading-title[class*=elementor-size-]>a{color:inherit;font-size:inherit;line-height:inherit}.elementor-widget-heading .elementor-heading-title.elementor-size-small{font-size:15px}.elementor-widget-heading .elementor-heading-title.elementor-size-medium{font-size:19px}.elementor-widget-heading .elementor-heading-title.elementor-size-large{font-size:29px}.elementor-widget-heading .elementor-heading-title.elementor-size-xl{font-size:39px}.elementor-widget-heading .elementor-heading-title.elementor-size-xxl{font-size:59px}<\/style><h2 class=\"elementor-heading-title elementor-size-default\">BEMUTAT\u00c1S<\/h2>\t\t<\/div>\n\t\t\t\t<\/div>\n\t\t\t\t\t<\/div>\n\t\t<\/div>\n\t\t\t\t\t\t\t<\/div>\n\t\t<\/section>\n\t\t\t\t<section class=\"elementor-section elementor-top-section elementor-element elementor-element-9cd08d9 elementor-section-boxed elementor-section-height-default elementor-section-height-default\" data-id=\"9cd08d9\" data-element_type=\"section\">\n\t\t\t\t\t\t<div class=\"elementor-container elementor-column-gap-default\">\n\t\t\t\t\t<div class=\"elementor-column elementor-col-100 elementor-top-column elementor-element elementor-element-d2b7802\" data-id=\"d2b7802\" data-element_type=\"column\">\n\t\t\t<div class=\"elementor-widget-wrap elementor-element-populated\">\n\t\t\t\t\t\t\t\t<div class=\"elementor-element elementor-element-2d02271 elementor-widget elementor-widget-text-editor\" data-id=\"2d02271\" data-element_type=\"widget\" data-widget_type=\"text-editor.default\">\n\t\t\t\t<div class=\"elementor-widget-container\">\n\t\t\t<style>\/*! elementor - v3.5.6 - 28-02-2022 *\/\n.elementor-widget-text-editor.elementor-drop-cap-view-stacked .elementor-drop-cap{background-color:#818a91;color:#fff}.elementor-widget-text-editor.elementor-drop-cap-view-framed .elementor-drop-cap{color:#818a91;border:3px solid;background-color:transparent}.elementor-widget-text-editor:not(.elementor-drop-cap-view-default) .elementor-drop-cap{margin-top:8px}.elementor-widget-text-editor:not(.elementor-drop-cap-view-default) .elementor-drop-cap-letter{width:1em;height:1em}.elementor-widget-text-editor .elementor-drop-cap{float:left;text-align:center;line-height:1;font-size:50px}.elementor-widget-text-editor .elementor-drop-cap-letter{display:inline-block}<\/style>\t\t\t\t<p>A c\u00e9g\u00fcnk \u00f6nt\u00f6d\u00e9je k\u00e9pezi az IRUM g\u00e9pek gy\u00e1rt\u00e1s\u00e1nak alapj\u00e1t: az \u00f6sszes \u00f6nt\u00f6tt ac\u00e9l, \u00f6nt\u00f6ttvas \u00e9s bronz alkatr\u00e9sz, amely a TAF, az IFRON, a k\u00f6t\u00e9lp\u00e1ly\u00e1k vagy mez\u0151gazdas\u00e1gi traktorok szerkezet\u00e9nek r\u00e9sz\u00e9t k\u00e9pezi, t\u00f6bb mint 60 \u00e9ve itt k\u00e9sz\u00fcl. Ugyanakkor tapasztalatunk sz\u00e9les k\u00f6r\u0171 munk\u00e1k elv\u00e9gz\u00e9s\u00e9t teszi lehet\u0151v\u00e9 k\u00fcl\u00f6nb\u00f6z\u0151 \u00fcgyfelek ig\u00e9nyeinek eleget t\u00e9ve.<\/p><p>\u00dczem\u00fcnk n\u00e9h\u00e1ny fontosabb term\u00e9ke: f\u00e9kdobok, f\u00e9kt\u00e1rcs\u00e1k, ker\u00e9kagyak, sebess\u00e9gv\u00e1lt\u00f3 h\u00e1zak, reduktorh\u00e1zak, vez\u00e9rl\u0151h\u00e1zak, differenci\u00e1lm\u0171 h\u00e1zak, kuplungh\u00e1zak, hajt\u00f3karok, perselyek, k\u00e1belbilincsek, f\u00e9kpof\u00e1k, f\u00e9regkerekek, csap\u00e1gysapk\u00e1k, karim\u00e1k, kotr\u00f3g\u00e9p kan\u00e1lfogai, stb.<\/p><p>Az IRUM \u00f6nt\u00f6de tapasztalataira, valamint a k\u00e9pzett m\u00e9rn\u00f6k\u00f6kre \u00e9s munk\u00e1sokra t\u00e1maszkodva \u00f6ntv\u00e9nyek sz\u00e9les v\u00e1laszt\u00e9k\u00e1t gy\u00e1rtja \u00f6nt\u00f6ttvasb\u00f3l, ac\u00e9lb\u00f3l, k\u00f6zepes \u00e9s magas \u00f6tv\u00f6zet\u0171 \u00f6nt\u00f6ttvasb\u00f3l, k\u00f6zepes \u00e9s magas \u00f6tv\u00f6z\u00f6tt ac\u00e9lb\u00f3l, g\u00f6mb\u00f6s \u00f6nt\u00f6ttvasb\u00f3l, k\u00e9zi vagy g\u00e9pes\u00edtett form\u00e1z\u00e1ssal, az \u00fcgyf\u00e9l ig\u00e9nyei szerint. (K\u00e9zi form\u00e1z\u00e1shoz a maxim\u00e1lis s\u00faly 750 kg, g\u00e9pes\u00edtett form\u00e1z\u00e1shoz pedig 100 kg.)<\/p><p><strong>A v\u00e1llalat \u00e9s a munkaer\u0151 tapasztalat\u00e1n k\u00edv\u00fcl az IRUM \u00f6nt\u00f6de m\u00e1sik er\u0151ss\u00e9ge a modern m\u0171szaki felszerel\u00e9s, az \u00f6sszes m\u0171veletet maxim\u00e1lis hat\u00e9konys\u00e1ggal \u00e9s min\u0151s\u00e9ggel hajtjuk v\u00e9gre:<\/strong><\/p><div class=\"vc_row wpb_row vc_row-fluid\"><div class=\"wpb_column vc_column_container vc_col-sm-12\"><div class=\"vc_column-inner\"><div class=\"wpb_wrapper\"><div class=\"wpb_text_column wpb_content_element \"><div class=\"wpb_wrapper\"><ul class=\"list-style-1\"><li>Form\u00e1l\u00f3 kever\u00e9k k\u00e9sz\u00edt\u00e9se: automatikus EIRICH t\u00edpus\u00fa kever\u0151<\/li><li>Mechaniz\u00e1lt form\u00e1z\u00e1s HVS-2 form\u00e1z\u00f3 g\u00e9ppel<\/li><li>\u00d6tv\u00f6zetek kifejleszt\u00e9se 750 kg-os INDUCTOTERM t\u00edpus\u00fa olvaszt\u00f3kemenc\u00e9vel<\/li><li>Magok manu\u00e1lisan vagy l\u00f6v\u00f6ld\u00f6z\u00e9ssel t\u00f6rt\u00e9n\u0151 kialak\u00edt\u00e1sa LAEMPE LL20 t\u00edpus\u00fa g\u00e9pen (Rom\u00e1ni\u00e1ban egyedi)<\/li><\/ul><\/div><\/div><\/div><\/div><\/div><\/div><div class=\"vc_row wpb_row vc_row-fluid\"><div class=\"wpb_column vc_column_container vc_col-sm-12\"><div class=\"vc_column-inner\"> <\/div><\/div><\/div><div class=\"vc_row wpb_row vc_row-fluid\"><div class=\"wpb_column vc_column_container vc_col-sm-12\"><div class=\"vc_column-inner\"><div class=\"wpb_wrapper\"><div class=\"wpb_text_column wpb_content_element \"><div class=\"wpb_wrapper\"><p><strong>Anyagok<\/strong><\/p><ul class=\"list-style-1\"><li>EN GJL 20 \u201330 \/ DIN GG20-30<\/li><li>EN GJS 40 \u201370 \/ DIN GGG40-70<\/li><\/ul><\/div><\/div><\/div><\/div><\/div><\/div>\t\t\t\t\t\t<\/div>\n\t\t\t\t<\/div>\n\t\t\t\t\t<\/div>\n\t\t<\/div>\n\t\t\t\t\t\t\t<\/div>\n\t\t<\/section>\n\t\t\t\t\t\t<\/div>\n\t\t\t\t\t<\/div>\n\t\t","protected":false},"excerpt":{"rendered":"<p>BEMUTAT\u00c1S A c\u00e9g\u00fcnk \u00f6nt\u00f6d\u00e9je k\u00e9pezi az IRUM g\u00e9pek gy\u00e1rt\u00e1s\u00e1nak alapj\u00e1t:<\/p>\n","protected":false},"author":1,"featured_media":6622,"parent":12103,"menu_order":0,"comment_status":"closed","ping_status":"closed","template":"elementor_header_footer","meta":{"om_disable_all_campaigns":false,"footnotes":""},"class_list":["post-12105","page","type-page","status-publish","has-post-thumbnail","hentry"],"yoast_head":"<!-- This site is optimized with the Yoast SEO plugin v20.7 - https:\/\/yoast.com\/wordpress\/plugins\/seo\/ -->\n<title>IRUM - \u00d6NT\u00d6DE<\/title>\n<meta name=\"robots\" content=\"index, follow, max-snippet:-1, max-image-preview:large, max-video-preview:-1\" \/>\n<link rel=\"canonical\" href=\"https:\/\/www.irum.ro\/hu\/a-vallalatrol\/szolgaltatasok\/ontode\/\" \/>\n<meta property=\"og:locale\" content=\"hu_HU\" \/>\n<meta property=\"og:type\" content=\"article\" \/>\n<meta property=\"og:title\" content=\"IRUM - \u00d6NT\u00d6DE\" \/>\n<meta property=\"og:description\" content=\"BEMUTAT\u00c1S A c\u00e9g\u00fcnk \u00f6nt\u00f6d\u00e9je k\u00e9pezi az IRUM g\u00e9pek gy\u00e1rt\u00e1s\u00e1nak alapj\u00e1t:\" \/>\n<meta property=\"og:url\" content=\"https:\/\/www.irum.ro\/hu\/a-vallalatrol\/szolgaltatasok\/ontode\/\" \/>\n<meta property=\"og:site_name\" content=\"IRUM\" \/>\n<meta property=\"article:modified_time\" content=\"2022-05-04T10:29:20+00:00\" \/>\n<meta property=\"og:image\" content=\"https:\/\/www.irum.ro\/wp-content\/uploads\/2022\/03\/turnatorie-2-1110x500-1.jpg\" \/>\n\t<meta property=\"og:image:width\" content=\"1110\" \/>\n\t<meta property=\"og:image:height\" content=\"500\" \/>\n\t<meta property=\"og:image:type\" content=\"image\/jpeg\" \/>\n<meta name=\"twitter:card\" content=\"summary_large_image\" \/>\n<meta name=\"twitter:label1\" content=\"Becs\u00fclt olvas\u00e1si id\u0151\" \/>\n\t<meta name=\"twitter:data1\" content=\"2 perc\" \/>\n<script type=\"application\/ld+json\" class=\"yoast-schema-graph\">{\"@context\":\"https:\/\/schema.org\",\"@graph\":[{\"@type\":\"WebPage\",\"@id\":\"https:\/\/www.irum.ro\/hu\/a-vallalatrol\/szolgaltatasok\/ontode\/\",\"url\":\"https:\/\/www.irum.ro\/hu\/a-vallalatrol\/szolgaltatasok\/ontode\/\",\"name\":\"IRUM - \u00d6NT\u00d6DE\",\"isPartOf\":{\"@id\":\"https:\/\/www.irum.ro\/hu\/#website\"},\"datePublished\":\"2022-03-14T06:40:59+00:00\",\"dateModified\":\"2022-05-04T10:29:20+00:00\",\"breadcrumb\":{\"@id\":\"https:\/\/www.irum.ro\/hu\/a-vallalatrol\/szolgaltatasok\/ontode\/#breadcrumb\"},\"inLanguage\":\"hu\",\"potentialAction\":[{\"@type\":\"ReadAction\",\"target\":[\"https:\/\/www.irum.ro\/hu\/a-vallalatrol\/szolgaltatasok\/ontode\/\"]}]},{\"@type\":\"BreadcrumbList\",\"@id\":\"https:\/\/www.irum.ro\/hu\/a-vallalatrol\/szolgaltatasok\/ontode\/#breadcrumb\",\"itemListElement\":[{\"@type\":\"ListItem\",\"position\":1,\"name\":\"Prima pagin\u0103\",\"item\":\"https:\/\/www.irum.ro\/hu\/\"},{\"@type\":\"ListItem\",\"position\":2,\"name\":\"SZOLG\u00c1LTAT\u00c1SOK\",\"item\":\"https:\/\/www.irum.ro\/hu\/szolgaltatasok\/\"},{\"@type\":\"ListItem\",\"position\":3,\"name\":\"\u00d6NT\u00d6DE\"}]},{\"@type\":\"WebSite\",\"@id\":\"https:\/\/www.irum.ro\/hu\/#website\",\"url\":\"https:\/\/www.irum.ro\/hu\/\",\"name\":\"IRUM\",\"description\":\"Tractoare Rom\u00e2ne\u0219ti\",\"potentialAction\":[{\"@type\":\"SearchAction\",\"target\":{\"@type\":\"EntryPoint\",\"urlTemplate\":\"https:\/\/www.irum.ro\/hu\/?s={search_term_string}\"},\"query-input\":\"required name=search_term_string\"}],\"inLanguage\":\"hu\"}]}<\/script>\n<!-- \/ Yoast SEO plugin. -->","yoast_head_json":{"title":"IRUM - \u00d6NT\u00d6DE","robots":{"index":"index","follow":"follow","max-snippet":"max-snippet:-1","max-image-preview":"max-image-preview:large","max-video-preview":"max-video-preview:-1"},"canonical":"https:\/\/www.irum.ro\/hu\/a-vallalatrol\/szolgaltatasok\/ontode\/","og_locale":"hu_HU","og_type":"article","og_title":"IRUM - \u00d6NT\u00d6DE","og_description":"BEMUTAT\u00c1S A c\u00e9g\u00fcnk \u00f6nt\u00f6d\u00e9je k\u00e9pezi az IRUM g\u00e9pek gy\u00e1rt\u00e1s\u00e1nak alapj\u00e1t:","og_url":"https:\/\/www.irum.ro\/hu\/a-vallalatrol\/szolgaltatasok\/ontode\/","og_site_name":"IRUM","article_modified_time":"2022-05-04T10:29:20+00:00","og_image":[{"width":1110,"height":500,"url":"https:\/\/www.irum.ro\/wp-content\/uploads\/2022\/03\/turnatorie-2-1110x500-1.jpg","type":"image\/jpeg"}],"twitter_card":"summary_large_image","twitter_misc":{"Becs\u00fclt olvas\u00e1si id\u0151":"2 perc"},"schema":{"@context":"https:\/\/schema.org","@graph":[{"@type":"WebPage","@id":"https:\/\/www.irum.ro\/hu\/a-vallalatrol\/szolgaltatasok\/ontode\/","url":"https:\/\/www.irum.ro\/hu\/a-vallalatrol\/szolgaltatasok\/ontode\/","name":"IRUM - \u00d6NT\u00d6DE","isPartOf":{"@id":"https:\/\/www.irum.ro\/hu\/#website"},"datePublished":"2022-03-14T06:40:59+00:00","dateModified":"2022-05-04T10:29:20+00:00","breadcrumb":{"@id":"https:\/\/www.irum.ro\/hu\/a-vallalatrol\/szolgaltatasok\/ontode\/#breadcrumb"},"inLanguage":"hu","potentialAction":[{"@type":"ReadAction","target":["https:\/\/www.irum.ro\/hu\/a-vallalatrol\/szolgaltatasok\/ontode\/"]}]},{"@type":"BreadcrumbList","@id":"https:\/\/www.irum.ro\/hu\/a-vallalatrol\/szolgaltatasok\/ontode\/#breadcrumb","itemListElement":[{"@type":"ListItem","position":1,"name":"Prima pagin\u0103","item":"https:\/\/www.irum.ro\/hu\/"},{"@type":"ListItem","position":2,"name":"SZOLG\u00c1LTAT\u00c1SOK","item":"https:\/\/www.irum.ro\/hu\/szolgaltatasok\/"},{"@type":"ListItem","position":3,"name":"\u00d6NT\u00d6DE"}]},{"@type":"WebSite","@id":"https:\/\/www.irum.ro\/hu\/#website","url":"https:\/\/www.irum.ro\/hu\/","name":"IRUM","description":"Tractoare Rom\u00e2ne\u0219ti","potentialAction":[{"@type":"SearchAction","target":{"@type":"EntryPoint","urlTemplate":"https:\/\/www.irum.ro\/hu\/?s={search_term_string}"},"query-input":"required name=search_term_string"}],"inLanguage":"hu"}]}},"_links":{"self":[{"href":"https:\/\/www.irum.ro\/hu\/wp-json\/wp\/v2\/pages\/12105","targetHints":{"allow":["GET"]}}],"collection":[{"href":"https:\/\/www.irum.ro\/hu\/wp-json\/wp\/v2\/pages"}],"about":[{"href":"https:\/\/www.irum.ro\/hu\/wp-json\/wp\/v2\/types\/page"}],"author":[{"embeddable":true,"href":"https:\/\/www.irum.ro\/hu\/wp-json\/wp\/v2\/users\/1"}],"replies":[{"embeddable":true,"href":"https:\/\/www.irum.ro\/hu\/wp-json\/wp\/v2\/comments?post=12105"}],"version-history":[{"count":0,"href":"https:\/\/www.irum.ro\/hu\/wp-json\/wp\/v2\/pages\/12105\/revisions"}],"up":[{"embeddable":true,"href":"https:\/\/www.irum.ro\/hu\/wp-json\/wp\/v2\/pages\/12103"}],"wp:featuredmedia":[{"embeddable":true,"href":"https:\/\/www.irum.ro\/hu\/wp-json\/wp\/v2\/media\/6622"}],"wp:attachment":[{"href":"https:\/\/www.irum.ro\/hu\/wp-json\/wp\/v2\/media?parent=12105"}],"curies":[{"name":"wp","href":"https:\/\/api.w.org\/{rel}","templated":true}]}}