{"id":12069,"date":"2022-03-14T12:52:07","date_gmt":"2022-03-14T12:52:07","guid":{"rendered":"https:\/\/www.irum.ro\/alkatreszek\/belarus-mezogazdagi-traktorok\/"},"modified":"2022-05-04T10:01:29","modified_gmt":"2022-05-04T10:01:29","slug":"belarus-mezogazdagi-traktorok","status":"publish","type":"page","link":"https:\/\/www.irum.ro\/hu\/a-vallalatrol\/alkatreszek\/belarus-mezogazdagi-traktorok\/","title":{"rendered":"BELARUS MEZ\u0150GAZDA\u00c1GI TRAKTOROK"},"content":{"rendered":"\t\t<div data-elementor-type=\"wp-page\" data-elementor-id=\"12069\" class=\"elementor elementor-12069 elementor-4092\" data-elementor-settings=\"[]\">\n\t\t\t\t\t\t\t<div class=\"elementor-section-wrap\">\n\t\t\t\t\t\t\t<section class=\"elementor-section elementor-top-section elementor-element elementor-element-c81b546 elementor-section-boxed elementor-section-height-default elementor-section-height-default\" data-id=\"c81b546\" data-element_type=\"section\">\n\t\t\t\t\t\t<div class=\"elementor-container elementor-column-gap-default\">\n\t\t\t\t\t<div class=\"elementor-column elementor-col-100 elementor-top-column elementor-element elementor-element-b5ff820\" data-id=\"b5ff820\" data-element_type=\"column\">\n\t\t\t<div class=\"elementor-widget-wrap\">\n\t\t\t\t\t\t\t\t\t<\/div>\n\t\t<\/div>\n\t\t\t\t\t\t\t<\/div>\n\t\t<\/section>\n\t\t\t\t<section class=\"elementor-section elementor-top-section elementor-element elementor-element-13601de elementor-section-boxed elementor-section-height-default elementor-section-height-default\" data-id=\"13601de\" data-element_type=\"section\">\n\t\t\t\t\t\t<div class=\"elementor-container elementor-column-gap-default\">\n\t\t\t\t\t<div class=\"elementor-column elementor-col-100 elementor-top-column elementor-element elementor-element-632e66c\" data-id=\"632e66c\" data-element_type=\"column\">\n\t\t\t<div class=\"elementor-widget-wrap elementor-element-populated\">\n\t\t\t\t\t\t\t\t<div class=\"elementor-element elementor-element-9906bcd elementor-widget elementor-widget-heading\" data-id=\"9906bcd\" data-element_type=\"widget\" data-widget_type=\"heading.default\">\n\t\t\t\t<div class=\"elementor-widget-container\">\n\t\t\t<style>\/*! elementor - v3.5.6 - 28-02-2022 *\/\n.elementor-heading-title{padding:0;margin:0;line-height:1}.elementor-widget-heading .elementor-heading-title[class*=elementor-size-]>a{color:inherit;font-size:inherit;line-height:inherit}.elementor-widget-heading .elementor-heading-title.elementor-size-small{font-size:15px}.elementor-widget-heading .elementor-heading-title.elementor-size-medium{font-size:19px}.elementor-widget-heading .elementor-heading-title.elementor-size-large{font-size:29px}.elementor-widget-heading .elementor-heading-title.elementor-size-xl{font-size:39px}.elementor-widget-heading .elementor-heading-title.elementor-size-xxl{font-size:59px}<\/style><h2 class=\"elementor-heading-title elementor-size-default\">BEMUTAT\u00c1S<\/h2>\t\t<\/div>\n\t\t\t\t<\/div>\n\t\t\t\t\t<\/div>\n\t\t<\/div>\n\t\t\t\t\t\t\t<\/div>\n\t\t<\/section>\n\t\t\t\t<section class=\"elementor-section elementor-top-section elementor-element elementor-element-9cd08d9 elementor-section-boxed elementor-section-height-default elementor-section-height-default\" data-id=\"9cd08d9\" data-element_type=\"section\">\n\t\t\t\t\t\t<div class=\"elementor-container elementor-column-gap-default\">\n\t\t\t\t\t<div class=\"elementor-column elementor-col-100 elementor-top-column elementor-element elementor-element-d2b7802\" data-id=\"d2b7802\" data-element_type=\"column\">\n\t\t\t<div class=\"elementor-widget-wrap elementor-element-populated\">\n\t\t\t\t\t\t\t\t<div class=\"elementor-element elementor-element-2d02271 elementor-widget elementor-widget-text-editor\" data-id=\"2d02271\" data-element_type=\"widget\" data-widget_type=\"text-editor.default\">\n\t\t\t\t<div class=\"elementor-widget-container\">\n\t\t\t<style>\/*! elementor - v3.5.6 - 28-02-2022 *\/\n.elementor-widget-text-editor.elementor-drop-cap-view-stacked .elementor-drop-cap{background-color:#818a91;color:#fff}.elementor-widget-text-editor.elementor-drop-cap-view-framed .elementor-drop-cap{color:#818a91;border:3px solid;background-color:transparent}.elementor-widget-text-editor:not(.elementor-drop-cap-view-default) .elementor-drop-cap{margin-top:8px}.elementor-widget-text-editor:not(.elementor-drop-cap-view-default) .elementor-drop-cap-letter{width:1em;height:1em}.elementor-widget-text-editor .elementor-drop-cap{float:left;text-align:center;line-height:1;font-size:50px}.elementor-widget-text-editor .elementor-drop-cap-letter{display:inline-block}<\/style>\t\t\t\tA BELARUS MTZ traktorok teljes v\u00e1laszt\u00e9k\u00e1t az IRUM m\u00e9rn\u00f6keinek tapasztalata \u00e9s tud\u00e1sa, valamint az IRUM \u00e1ltal forgalmazott BELARUS alkatr\u00e9szek min\u0151s\u00e9ge biztos\u00edtja. Minden eladott alkatr\u00e9szre garanci\u00e1t v\u00e1llalunk a min\u0151s\u00e9gre \u00e9s a megb\u00edzhat\u00f3s\u00e1gra.\n<br><br>\nBiztos lehet benne, hogy a t\u0151l\u00fcnk v\u00e1s\u00e1rolt alkatr\u00e9szek nem ut\u00e1ngy\u00e1rtottak, hanem eredetiek, benne vannak az eredetileg \u00f6sszeszerelt alkatr\u00e9szek minden min\u0151s\u00e9ge \u00e9s tulajdons\u00e1ga. Emiatt az \u00d6n traktora optim\u00e1lis k\u00f6r\u00fclm\u00e9nyek k\u00f6z\u00f6tt \u00e9s maxim\u00e1lis kapacit\u00e1ssal fog m\u0171k\u00f6dni.\n<br><br>\nB\u00e1rmilyen meghib\u00e1sod\u00e1s a mez\u0151gazdas\u00e1gi munk\u00e1k sor\u00e1n \u00f3ri\u00e1si vesztes\u00e9ggel j\u00e1rhat, ez\u00e9rt a teljes alkatr\u00e9szpaletta rakt\u00e1rr\u00f3l maximum 24 \u00f3ra alatt sz\u00e1ll\u00edthat\u00f3.\n\t\t\t\t\t\t<\/div>\n\t\t\t\t<\/div>\n\t\t\t\t\t<\/div>\n\t\t<\/div>\n\t\t\t\t\t\t\t<\/div>\n\t\t<\/section>\n\t\t\t\t\t\t<\/div>\n\t\t\t\t\t<\/div>\n\t\t","protected":false},"excerpt":{"rendered":"<p>BEMUTAT\u00c1S A BELARUS MTZ traktorok teljes v\u00e1laszt\u00e9k\u00e1t az IRUM m\u00e9rn\u00f6keinek<\/p>\n","protected":false},"author":1,"featured_media":6704,"parent":12067,"menu_order":0,"comment_status":"closed","ping_status":"closed","template":"elementor_header_footer","meta":{"om_disable_all_campaigns":false,"footnotes":""},"class_list":["post-12069","page","type-page","status-publish","has-post-thumbnail","hentry"],"yoast_head":"<!-- This site is optimized with the Yoast SEO plugin v20.7 - https:\/\/yoast.com\/wordpress\/plugins\/seo\/ -->\n<title>IRUM - BELARUS MEZ\u0150GAZDA\u00c1GI TRAKTOROK<\/title>\n<meta name=\"robots\" content=\"index, follow, max-snippet:-1, max-image-preview:large, max-video-preview:-1\" \/>\n<link rel=\"canonical\" href=\"https:\/\/www.irum.ro\/hu\/a-vallalatrol\/alkatreszek\/belarus-mezogazdagi-traktorok\/\" \/>\n<meta property=\"og:locale\" content=\"hu_HU\" \/>\n<meta property=\"og:type\" content=\"article\" \/>\n<meta property=\"og:title\" content=\"IRUM - BELARUS MEZ\u0150GAZDA\u00c1GI TRAKTOROK\" \/>\n<meta property=\"og:description\" content=\"BEMUTAT\u00c1S A BELARUS MTZ traktorok teljes v\u00e1laszt\u00e9k\u00e1t az IRUM m\u00e9rn\u00f6keinek\" \/>\n<meta property=\"og:url\" content=\"https:\/\/www.irum.ro\/hu\/a-vallalatrol\/alkatreszek\/belarus-mezogazdagi-traktorok\/\" \/>\n<meta property=\"og:site_name\" content=\"IRUM\" \/>\n<meta property=\"article:modified_time\" content=\"2022-05-04T10:01:29+00:00\" \/>\n<meta property=\"og:image\" content=\"https:\/\/www.irum.ro\/wp-content\/uploads\/2022\/03\/piese_belarus_1.jpg\" \/>\n\t<meta property=\"og:image:width\" content=\"1109\" \/>\n\t<meta property=\"og:image:height\" content=\"485\" \/>\n\t<meta property=\"og:image:type\" content=\"image\/jpeg\" \/>\n<meta name=\"twitter:card\" content=\"summary_large_image\" \/>\n<meta name=\"twitter:label1\" content=\"Becs\u00fclt olvas\u00e1si id\u0151\" \/>\n\t<meta name=\"twitter:data1\" content=\"1 perc\" \/>\n<script type=\"application\/ld+json\" class=\"yoast-schema-graph\">{\"@context\":\"https:\/\/schema.org\",\"@graph\":[{\"@type\":\"WebPage\",\"@id\":\"https:\/\/www.irum.ro\/hu\/a-vallalatrol\/alkatreszek\/belarus-mezogazdagi-traktorok\/\",\"url\":\"https:\/\/www.irum.ro\/hu\/a-vallalatrol\/alkatreszek\/belarus-mezogazdagi-traktorok\/\",\"name\":\"IRUM - BELARUS MEZ\u0150GAZDA\u00c1GI TRAKTOROK\",\"isPartOf\":{\"@id\":\"https:\/\/www.irum.ro\/hu\/#website\"},\"datePublished\":\"2022-03-14T12:52:07+00:00\",\"dateModified\":\"2022-05-04T10:01:29+00:00\",\"breadcrumb\":{\"@id\":\"https:\/\/www.irum.ro\/hu\/a-vallalatrol\/alkatreszek\/belarus-mezogazdagi-traktorok\/#breadcrumb\"},\"inLanguage\":\"hu\",\"potentialAction\":[{\"@type\":\"ReadAction\",\"target\":[\"https:\/\/www.irum.ro\/hu\/a-vallalatrol\/alkatreszek\/belarus-mezogazdagi-traktorok\/\"]}]},{\"@type\":\"BreadcrumbList\",\"@id\":\"https:\/\/www.irum.ro\/hu\/a-vallalatrol\/alkatreszek\/belarus-mezogazdagi-traktorok\/#breadcrumb\",\"itemListElement\":[{\"@type\":\"ListItem\",\"position\":1,\"name\":\"Prima pagin\u0103\",\"item\":\"https:\/\/www.irum.ro\/hu\/\"},{\"@type\":\"ListItem\",\"position\":2,\"name\":\"ALKATR\u00c9SZEK\",\"item\":\"https:\/\/www.irum.ro\/hu\/alkatreszek\/\"},{\"@type\":\"ListItem\",\"position\":3,\"name\":\"BELARUS MEZ\u0150GAZDA\u00c1GI TRAKTOROK\"}]},{\"@type\":\"WebSite\",\"@id\":\"https:\/\/www.irum.ro\/hu\/#website\",\"url\":\"https:\/\/www.irum.ro\/hu\/\",\"name\":\"IRUM\",\"description\":\"Tractoare Rom\u00e2ne\u0219ti\",\"potentialAction\":[{\"@type\":\"SearchAction\",\"target\":{\"@type\":\"EntryPoint\",\"urlTemplate\":\"https:\/\/www.irum.ro\/hu\/?s={search_term_string}\"},\"query-input\":\"required name=search_term_string\"}],\"inLanguage\":\"hu\"}]}<\/script>\n<!-- \/ Yoast SEO plugin. -->","yoast_head_json":{"title":"IRUM - BELARUS MEZ\u0150GAZDA\u00c1GI TRAKTOROK","robots":{"index":"index","follow":"follow","max-snippet":"max-snippet:-1","max-image-preview":"max-image-preview:large","max-video-preview":"max-video-preview:-1"},"canonical":"https:\/\/www.irum.ro\/hu\/a-vallalatrol\/alkatreszek\/belarus-mezogazdagi-traktorok\/","og_locale":"hu_HU","og_type":"article","og_title":"IRUM - BELARUS MEZ\u0150GAZDA\u00c1GI TRAKTOROK","og_description":"BEMUTAT\u00c1S A BELARUS MTZ traktorok teljes v\u00e1laszt\u00e9k\u00e1t az IRUM m\u00e9rn\u00f6keinek","og_url":"https:\/\/www.irum.ro\/hu\/a-vallalatrol\/alkatreszek\/belarus-mezogazdagi-traktorok\/","og_site_name":"IRUM","article_modified_time":"2022-05-04T10:01:29+00:00","og_image":[{"width":1109,"height":485,"url":"https:\/\/www.irum.ro\/wp-content\/uploads\/2022\/03\/piese_belarus_1.jpg","type":"image\/jpeg"}],"twitter_card":"summary_large_image","twitter_misc":{"Becs\u00fclt olvas\u00e1si id\u0151":"1 perc"},"schema":{"@context":"https:\/\/schema.org","@graph":[{"@type":"WebPage","@id":"https:\/\/www.irum.ro\/hu\/a-vallalatrol\/alkatreszek\/belarus-mezogazdagi-traktorok\/","url":"https:\/\/www.irum.ro\/hu\/a-vallalatrol\/alkatreszek\/belarus-mezogazdagi-traktorok\/","name":"IRUM - BELARUS MEZ\u0150GAZDA\u00c1GI TRAKTOROK","isPartOf":{"@id":"https:\/\/www.irum.ro\/hu\/#website"},"datePublished":"2022-03-14T12:52:07+00:00","dateModified":"2022-05-04T10:01:29+00:00","breadcrumb":{"@id":"https:\/\/www.irum.ro\/hu\/a-vallalatrol\/alkatreszek\/belarus-mezogazdagi-traktorok\/#breadcrumb"},"inLanguage":"hu","potentialAction":[{"@type":"ReadAction","target":["https:\/\/www.irum.ro\/hu\/a-vallalatrol\/alkatreszek\/belarus-mezogazdagi-traktorok\/"]}]},{"@type":"BreadcrumbList","@id":"https:\/\/www.irum.ro\/hu\/a-vallalatrol\/alkatreszek\/belarus-mezogazdagi-traktorok\/#breadcrumb","itemListElement":[{"@type":"ListItem","position":1,"name":"Prima pagin\u0103","item":"https:\/\/www.irum.ro\/hu\/"},{"@type":"ListItem","position":2,"name":"ALKATR\u00c9SZEK","item":"https:\/\/www.irum.ro\/hu\/alkatreszek\/"},{"@type":"ListItem","position":3,"name":"BELARUS MEZ\u0150GAZDA\u00c1GI TRAKTOROK"}]},{"@type":"WebSite","@id":"https:\/\/www.irum.ro\/hu\/#website","url":"https:\/\/www.irum.ro\/hu\/","name":"IRUM","description":"Tractoare Rom\u00e2ne\u0219ti","potentialAction":[{"@type":"SearchAction","target":{"@type":"EntryPoint","urlTemplate":"https:\/\/www.irum.ro\/hu\/?s={search_term_string}"},"query-input":"required name=search_term_string"}],"inLanguage":"hu"}]}},"_links":{"self":[{"href":"https:\/\/www.irum.ro\/hu\/wp-json\/wp\/v2\/pages\/12069","targetHints":{"allow":["GET"]}}],"collection":[{"href":"https:\/\/www.irum.ro\/hu\/wp-json\/wp\/v2\/pages"}],"about":[{"href":"https:\/\/www.irum.ro\/hu\/wp-json\/wp\/v2\/types\/page"}],"author":[{"embeddable":true,"href":"https:\/\/www.irum.ro\/hu\/wp-json\/wp\/v2\/users\/1"}],"replies":[{"embeddable":true,"href":"https:\/\/www.irum.ro\/hu\/wp-json\/wp\/v2\/comments?post=12069"}],"version-history":[{"count":0,"href":"https:\/\/www.irum.ro\/hu\/wp-json\/wp\/v2\/pages\/12069\/revisions"}],"up":[{"embeddable":true,"href":"https:\/\/www.irum.ro\/hu\/wp-json\/wp\/v2\/pages\/12067"}],"wp:featuredmedia":[{"embeddable":true,"href":"https:\/\/www.irum.ro\/hu\/wp-json\/wp\/v2\/media\/6704"}],"wp:attachment":[{"href":"https:\/\/www.irum.ro\/hu\/wp-json\/wp\/v2\/media?parent=12069"}],"curies":[{"name":"wp","href":"https:\/\/api.w.org\/{rel}","templated":true}]}}