{"id":12067,"date":"2022-03-14T11:39:28","date_gmt":"2022-03-14T11:39:28","guid":{"rendered":"https:\/\/www.irum.ro\/alkatreszek\/"},"modified":"2022-05-04T09:59:44","modified_gmt":"2022-05-04T09:59:44","slug":"alkatreszek","status":"publish","type":"page","link":"https:\/\/www.irum.ro\/hu\/a-vallalatrol\/alkatreszek\/","title":{"rendered":"ALKATR\u00c9SZEK"},"content":{"rendered":"\t\t<div data-elementor-type=\"wp-page\" data-elementor-id=\"12067\" class=\"elementor elementor-12067\" data-elementor-settings=\"[]\">\n\t\t\t\t\t\t\t<div class=\"elementor-section-wrap\">\n\t\t\t\t\t\t\t<section class=\"elementor-section elementor-top-section elementor-element elementor-element-6d0834d elementor-section-stretched elementor-section-full_width elementor-section-height-default elementor-section-height-default\" data-id=\"6d0834d\" data-element_type=\"section\" data-settings=\"{&quot;stretch_section&quot;:&quot;section-stretched&quot;,&quot;background_background&quot;:&quot;classic&quot;}\">\n\t\t\t\t\t\t<div class=\"elementor-container elementor-column-gap-no\">\n\t\t\t\t\t<div class=\"elementor-column elementor-col-100 elementor-top-column elementor-element elementor-element-980681e\" data-id=\"980681e\" data-element_type=\"column\">\n\t\t\t<div class=\"elementor-widget-wrap elementor-element-populated\">\n\t\t\t\t\t\t\t\t<div class=\"elementor-element elementor-element-3b5c6fd elementor-widget elementor-widget-karde_ourservice\" data-id=\"3b5c6fd\" data-element_type=\"widget\" data-widget_type=\"karde_ourservice.default\">\n\t\t\t\t<div class=\"elementor-widget-container\">\n\t\t\t\n\t\t<section class=\"our_service_area \n\t\t\tservice_two p_100\">\n\t<div class=\"container\">\n\t\t<div class=\"  \n\t\t\tflag_center_title\t\t wow animated fadeInUp\" data-wow-delay=\"0.2s\">\n\t\t\t\t\t\t<h2>ALKATR\u00c9SZEK<\/h2>\n\t\t<\/div>\n\t\t<div class=\"or_service_inner\">\n\t\t\t<div class=\"row flex-row-reverse our_service_row\">\n\t\t\t\t<div class=\"col-lg-8 service_col_content\">\n\t\t\t\t\t<div class=\"service_body\">\n\t\t\t\t\t\t<div class=\"tab-content\" id=\"myTabContent\">\n\t\t\t\t\t\t\t\t\t\t\t\t\t\t<div class=\"tab-pane fade \n\t\t\t\t\t\t\t\tactive show\t\t\t\t\t\t\t\" id=\"tagro_mez\u0150gazda\u00c1gi_traktorok\" role=\"tabpanel\" aria-labelledby=\"tagro_mez\u0150gazda\u00c1gi_traktorok-tab\">\n\t\t\t\t\t\t\t\t<div class=\"service_ex\">\n\t\t\t\t\t\t\t\t\t<div class=\"service_img\"><img decoding=\"async\" src=\"https:\/\/www.irum.ro\/wp-content\/uploads\/2022\/03\/TAGRO_102.png\" title=\"TAGRO_102\" alt=\"TAGRO_102\" \/><\/div>\n\t\t\t\t\t\t\t\t\t<div class=\"service_text\">\n\t\t\t\t\t\t\t\t\t\t\t\t\t\t\t\t\t\t\t\t<h4>TAGRO MEZ\u0150GAZDA\u00c1GI TRAKTOROK<\/h4>\n\t\t\t\t\t\t\t\t\t\t<p>F\u00fcggetlen\u00fcl att\u00f3l, hogy IRUM TAGRO traktorja vagy egy BELARUS MTZ traktorja van, haszn\u00e1lja ki teljes m\u00e9rt\u00e9kben az IRUM m\u00e9rn\u00f6keinek tapasztalat\u00e1t \u00e9s tud\u00e1s\u00e1t, valamint a TAGRO alkatr\u00e9szek min\u0151s\u00e9g\u00e9t.<\/p>\n\t\t\t\t\t\t\t\t\t\t<a href=\"#\" class=\"main_btn red\"><i\n\t\t\t\t\t\t\t\t\t\t\t\tclass=\"lnr lnr-arrow-right\"><\/i><\/a>\n\t\t\t\t\t\t\t\t\t<\/div>\n\t\t\t\t\t\t\t\t<\/div>\n\t\t\t\t\t\t\t<\/div>\n\t\t\t\t\t\t\t\t\t\t\t\t\t\t\t<div class=\"tab-pane fade \n\t\t\t\t\t\t\t\t\t\t\t\t\t\t\t\" id=\"erd\u00c9szeti_g\u00c9pek\" role=\"tabpanel\" aria-labelledby=\"erd\u00c9szeti_g\u00c9pek-tab\">\n\t\t\t\t\t\t\t\t<div class=\"service_ex\">\n\t\t\t\t\t\t\t\t\t<div class=\"service_img\"><img decoding=\"async\" src=\"https:\/\/www.irum.ro\/wp-content\/uploads\/2022\/03\/TAF_690S5.png\" title=\"TAF_690S5\" alt=\"TAF_690S5\" \/><\/div>\n\t\t\t\t\t\t\t\t\t<div class=\"service_text\">\n\t\t\t\t\t\t\t\t\t\t\t\t\t\t\t\t\t\t\t\t<h4>ERD\u00c9SZETI G\u00c9PEK<\/h4>\n\t\t\t\t\t\t\t\t\t\t<p>Mivel a Perkins Engine Forestry Equipment (TAF) 90%-a gy\u00e1runkban k\u00e9sz\u00fcl, ez\u00e9rt a gy\u00e1rt\u00f3i \u00e1ron k\u00edn\u00e1ljuk az alkatr\u00e9szek teljes v\u00e1laszt\u00e9k\u00e1t. Minden alkatr\u00e9sz eredeti, az eredetileg be\u00e9p\u00edtett min\u0151s\u00e9ggel \u00e9s megb\u00edzhat\u00f3s\u00e1ggal rendelkezik, \u00edgy a g\u00e9p jav\u00edt\u00e1s ut\u00e1n is optim\u00e1lis k\u00f6r\u00fclm\u00e9nyek k\u00f6z\u00f6tt \u00e9s maxim\u00e1lis teljes\u00edtm\u00e9nnyel fog m\u0171k\u00f6dni.<\/p>\n\t\t\t\t\t\t\t\t\t\t<a href=\"#\" class=\"main_btn red\"><i\n\t\t\t\t\t\t\t\t\t\t\t\tclass=\"lnr lnr-arrow-right\"><\/i><\/a>\n\t\t\t\t\t\t\t\t\t<\/div>\n\t\t\t\t\t\t\t\t<\/div>\n\t\t\t\t\t\t\t<\/div>\n\t\t\t\t\t\t\t\t\t\t\t\t\t\t\t<div class=\"tab-pane fade \n\t\t\t\t\t\t\t\t\t\t\t\t\t\t\t\" id=\"tag_mez\u0150gazdas\u00c1gi_traktorok\" role=\"tabpanel\" aria-labelledby=\"tag_mez\u0150gazdas\u00c1gi_traktorok-tab\">\n\t\t\t\t\t\t\t\t<div class=\"service_ex\">\n\t\t\t\t\t\t\t\t\t<div class=\"service_img\"><img decoding=\"async\" src=\"https:\/\/www.irum.ro\/wp-content\/uploads\/2022\/03\/TAG_50CH.png\" title=\"TAG_50CH\" alt=\"TAG_50CH\" \/><\/div>\n\t\t\t\t\t\t\t\t\t<div class=\"service_text\">\n\t\t\t\t\t\t\t\t\t\t\t\t\t\t\t\t\t\t\t\t<h4>TAG MEZ\u0150GAZDAS\u00c1GI TRAKTOROK<\/h4>\n\t\t\t\t\t\t\t\t\t\t<p>F\u00fcggetlen\u00fcl att\u00f3l, hogy IRUM TAG traktorja vagy egy BELARUS MTZ traktorja van, haszn\u00e1lja ki teljes m\u00e9rt\u00e9kben az IRUM m\u00e9rn\u00f6keinek tapasztalat\u00e1t \u00e9s tud\u00e1s\u00e1t, valamint a TAGRO alkatr\u00e9szek min\u0151s\u00e9g\u00e9t.<\/p>\n\t\t\t\t\t\t\t\t\t\t<a href=\"#\" class=\"main_btn red\"><i\n\t\t\t\t\t\t\t\t\t\t\t\tclass=\"lnr lnr-arrow-right\"><\/i><\/a>\n\t\t\t\t\t\t\t\t\t<\/div>\n\t\t\t\t\t\t\t\t<\/div>\n\t\t\t\t\t\t\t<\/div>\n\t\t\t\t\t\t\t\t\t\t\t\t\t\t\t<div class=\"tab-pane fade \n\t\t\t\t\t\t\t\t\t\t\t\t\t\t\t\" id=\"belarus_traktorok\" role=\"tabpanel\" aria-labelledby=\"belarus_traktorok-tab\">\n\t\t\t\t\t\t\t\t<div class=\"service_ex\">\n\t\t\t\t\t\t\t\t\t<div class=\"service_img\"><img decoding=\"async\" src=\"https:\/\/www.irum.ro\/wp-content\/uploads\/2022\/03\/Belarus.png\" title=\"Belarus\" alt=\"Belarus\" \/><\/div>\n\t\t\t\t\t\t\t\t\t<div class=\"service_text\">\n\t\t\t\t\t\t\t\t\t\t\t\t\t\t\t\t\t\t\t\t<h4>BELARUS TRAKTOROK<\/h4>\n\t\t\t\t\t\t\t\t\t\t<p>A BELARUS MTZ traktorok teljes v\u00e1laszt\u00e9k\u00e1t az IRUM m\u00e9rn\u00f6keinek tapasztalata \u00e9s tud\u00e1sa, valamint az IRUM \u00e1ltal forgalmazott BELARUS alkatr\u00e9szek min\u0151s\u00e9ge biztos\u00edtja. Minden eladott alkatr\u00e9szre garanci\u00e1t v\u00e1llalunk a min\u0151s\u00e9gre \u00e9s a megb\u00edzhat\u00f3s\u00e1gra.<\/p>\n\t\t\t\t\t\t\t\t\t\t<a href=\"#\" class=\"main_btn red\"><i\n\t\t\t\t\t\t\t\t\t\t\t\tclass=\"lnr lnr-arrow-right\"><\/i><\/a>\n\t\t\t\t\t\t\t\t\t<\/div>\n\t\t\t\t\t\t\t\t<\/div>\n\t\t\t\t\t\t\t<\/div>\n\t\t\t\t\t\t\t\t\t\t\t\t\t\t\t<div class=\"tab-pane fade \n\t\t\t\t\t\t\t\t\t\t\t\t\t\t\t\" id=\"ponsse\" role=\"tabpanel\" aria-labelledby=\"ponsse-tab\">\n\t\t\t\t\t\t\t\t<div class=\"service_ex\">\n\t\t\t\t\t\t\t\t\t<div class=\"service_img\"><img decoding=\"async\" src=\"https:\/\/www.irum.ro\/wp-content\/uploads\/2022\/03\/PONSSE_Buffalo_Dual.png\" title=\"PONSSE_Buffalo_Dual\" alt=\"PONSSE_Buffalo_Dual\" \/><\/div>\n\t\t\t\t\t\t\t\t\t<div class=\"service_text\">\n\t\t\t\t\t\t\t\t\t\t\t\t\t\t\t\t\t\t\t\t<h4>PONSSE<\/h4>\n\t\t\t\t\t\t\t\t\t\t<p><\/p>\n\t\t\t\t\t\t\t\t\t\t<a href=\"https:\/\/shop.maviprod.ro\/contact\/pg\/10\/\" class=\"main_btn red\"><i\n\t\t\t\t\t\t\t\t\t\t\t\tclass=\"lnr lnr-arrow-right\"><\/i><\/a>\n\t\t\t\t\t\t\t\t\t<\/div>\n\t\t\t\t\t\t\t\t<\/div>\n\t\t\t\t\t\t\t<\/div>\n\t\t\t\t\t\t\t\t\n\t\t\t\t\t\t<\/div>\n\t\t\t\t\t<\/div>\n\t\t\t\t<\/div>\n\t\t\t\t<div class=\"col-lg-4 our_service_col_tab\">\n\t\t\t\t\t<div class=\"service_button\">\n\t\t\t\t\t\t<ul class=\"nav nav-tabs\" id=\"myTab\" role=\"tablist\">\n\t\t\t\t\t\t\t\t\t\t\t\t\t\t<li class=\"nav-item\"> <a class=\"nav-link \n\t\t\t\t\t\t\t\tactive\t\t\t\t\t\t\t\" id=\"tagro_mez\u0150gazda\u00c1gi_traktorok-tab\" data-toggle=\"tab\" href=\"#tagro_mez\u0150gazda\u00c1gi_traktorok\" role=\"tab\"\n\t\t\t\t\t\t\t\t\taria-controls=\"tagro_mez\u0150gazda\u00c1gi_traktorok\" aria-selected=\"true\">\n\t\t\t\t\t\t\t\t\t\t\t\t\t\t\t\t\t\tTAGRO MEZ\u0150GAZDA\u00c1GI TRAKTOROK<\/a><\/li>\n\t\t\t\t\t\t\t\t\t\t\t\t\t\t\t<li class=\"nav-item\"> <a class=\"nav-link \n\t\t\t\t\t\t\t\t\t\t\t\t\t\t\t\" id=\"erd\u00c9szeti_g\u00c9pek-tab\" data-toggle=\"tab\" href=\"#erd\u00c9szeti_g\u00c9pek\" role=\"tab\"\n\t\t\t\t\t\t\t\t\taria-controls=\"erd\u00c9szeti_g\u00c9pek\" aria-selected=\"false\">\n\t\t\t\t\t\t\t\t\t\t\t\t\t\t\t\t\t\tERD\u00c9SZETI G\u00c9PEK<\/a><\/li>\n\t\t\t\t\t\t\t\t\t\t\t\t\t\t\t<li class=\"nav-item\"> <a class=\"nav-link \n\t\t\t\t\t\t\t\t\t\t\t\t\t\t\t\" id=\"tag_mez\u0150gazdas\u00c1gi_traktorok-tab\" data-toggle=\"tab\" href=\"#tag_mez\u0150gazdas\u00c1gi_traktorok\" role=\"tab\"\n\t\t\t\t\t\t\t\t\taria-controls=\"tag_mez\u0150gazdas\u00c1gi_traktorok\" aria-selected=\"false\">\n\t\t\t\t\t\t\t\t\t\t\t\t\t\t\t\t\t\tTAG MEZ\u0150GAZDAS\u00c1GI TRAKTOROK<\/a><\/li>\n\t\t\t\t\t\t\t\t\t\t\t\t\t\t\t<li class=\"nav-item\"> <a class=\"nav-link \n\t\t\t\t\t\t\t\t\t\t\t\t\t\t\t\" id=\"belarus_traktorok-tab\" data-toggle=\"tab\" href=\"#belarus_traktorok\" role=\"tab\"\n\t\t\t\t\t\t\t\t\taria-controls=\"belarus_traktorok\" aria-selected=\"false\">\n\t\t\t\t\t\t\t\t\t\t\t\t\t\t\t\t\t\tBELARUS TRAKTOROK<\/a><\/li>\n\t\t\t\t\t\t\t\t\t\t\t\t\t\t\t<li class=\"nav-item\"> <a class=\"nav-link \n\t\t\t\t\t\t\t\t\t\t\t\t\t\t\t\" id=\"ponsse-tab\" data-toggle=\"tab\" href=\"#ponsse\" role=\"tab\"\n\t\t\t\t\t\t\t\t\taria-controls=\"ponsse\" aria-selected=\"false\">\n\t\t\t\t\t\t\t\t\t\t\t\t\t\t\t\t\t\tPONSSE<\/a><\/li>\n\t\t\t\t\t\t\t\t\n\t\t\t\t\t\t<\/ul>\n\t\t\t\t\t<\/div>\n\t\t\t\t<\/div>\n\t\t\t<\/div>\n\t\t<\/div>\n\t<\/div>\n<\/section>\n\t\t\t\t\t\t<\/div>\n\t\t\t\t<\/div>\n\t\t\t\t\t<\/div>\n\t\t<\/div>\n\t\t\t\t\t\t\t<\/div>\n\t\t<\/section>\n\t\t\t\t\t\t<\/div>\n\t\t\t\t\t<\/div>\n\t\t","protected":false},"excerpt":{"rendered":"<p>ALKATR\u00c9SZEK TAGRO MEZ\u0150GAZDA\u00c1GI TRAKTOROK F\u00fcggetlen\u00fcl att\u00f3l, hogy IRUM TAGRO traktorja<\/p>\n","protected":false},"author":1,"featured_media":6688,"parent":12168,"menu_order":0,"comment_status":"closed","ping_status":"closed","template":"","meta":{"om_disable_all_campaigns":false,"footnotes":""},"class_list":["post-12067","page","type-page","status-publish","has-post-thumbnail","hentry"],"yoast_head":"<!-- This site is optimized with the Yoast SEO plugin v20.7 - https:\/\/yoast.com\/wordpress\/plugins\/seo\/ -->\n<title>IRUM - ALKATR\u00c9SZEK<\/title>\n<meta name=\"robots\" content=\"index, follow, max-snippet:-1, max-image-preview:large, max-video-preview:-1\" \/>\n<link rel=\"canonical\" href=\"https:\/\/www.irum.ro\/hu\/a-vallalatrol\/alkatreszek\/\" \/>\n<meta property=\"og:locale\" content=\"hu_HU\" \/>\n<meta property=\"og:type\" content=\"article\" \/>\n<meta property=\"og:title\" content=\"IRUM - ALKATR\u00c9SZEK\" \/>\n<meta property=\"og:description\" content=\"ALKATR\u00c9SZEK TAGRO MEZ\u0150GAZDA\u00c1GI TRAKTOROK F\u00fcggetlen\u00fcl att\u00f3l, hogy IRUM TAGRO traktorja\" \/>\n<meta property=\"og:url\" content=\"https:\/\/www.irum.ro\/hu\/a-vallalatrol\/alkatreszek\/\" \/>\n<meta property=\"og:site_name\" content=\"IRUM\" \/>\n<meta property=\"article:modified_time\" content=\"2022-05-04T09:59:44+00:00\" \/>\n<meta property=\"og:image\" content=\"https:\/\/www.irum.ro\/wp-content\/uploads\/2022\/03\/piese_belarus_9.jpg\" \/>\n\t<meta property=\"og:image:width\" content=\"1109\" \/>\n\t<meta property=\"og:image:height\" content=\"485\" \/>\n\t<meta property=\"og:image:type\" content=\"image\/jpeg\" \/>\n<meta name=\"twitter:card\" content=\"summary_large_image\" \/>\n<meta name=\"twitter:label1\" content=\"Becs\u00fclt olvas\u00e1si id\u0151\" \/>\n\t<meta name=\"twitter:data1\" content=\"2 perc\" \/>\n<script type=\"application\/ld+json\" class=\"yoast-schema-graph\">{\"@context\":\"https:\/\/schema.org\",\"@graph\":[{\"@type\":\"WebPage\",\"@id\":\"https:\/\/www.irum.ro\/hu\/a-vallalatrol\/alkatreszek\/\",\"url\":\"https:\/\/www.irum.ro\/hu\/a-vallalatrol\/alkatreszek\/\",\"name\":\"IRUM - ALKATR\u00c9SZEK\",\"isPartOf\":{\"@id\":\"https:\/\/www.irum.ro\/hu\/#website\"},\"datePublished\":\"2022-03-14T11:39:28+00:00\",\"dateModified\":\"2022-05-04T09:59:44+00:00\",\"breadcrumb\":{\"@id\":\"https:\/\/www.irum.ro\/hu\/a-vallalatrol\/alkatreszek\/#breadcrumb\"},\"inLanguage\":\"hu\",\"potentialAction\":[{\"@type\":\"ReadAction\",\"target\":[\"https:\/\/www.irum.ro\/hu\/a-vallalatrol\/alkatreszek\/\"]}]},{\"@type\":\"BreadcrumbList\",\"@id\":\"https:\/\/www.irum.ro\/hu\/a-vallalatrol\/alkatreszek\/#breadcrumb\",\"itemListElement\":[{\"@type\":\"ListItem\",\"position\":1,\"name\":\"Prima pagin\u0103\",\"item\":\"https:\/\/www.irum.ro\/hu\/\"},{\"@type\":\"ListItem\",\"position\":2,\"name\":\"ALKATR\u00c9SZEK\"}]},{\"@type\":\"WebSite\",\"@id\":\"https:\/\/www.irum.ro\/hu\/#website\",\"url\":\"https:\/\/www.irum.ro\/hu\/\",\"name\":\"IRUM\",\"description\":\"Tractoare Rom\u00e2ne\u0219ti\",\"potentialAction\":[{\"@type\":\"SearchAction\",\"target\":{\"@type\":\"EntryPoint\",\"urlTemplate\":\"https:\/\/www.irum.ro\/hu\/?s={search_term_string}\"},\"query-input\":\"required name=search_term_string\"}],\"inLanguage\":\"hu\"}]}<\/script>\n<!-- \/ Yoast SEO plugin. -->","yoast_head_json":{"title":"IRUM - ALKATR\u00c9SZEK","robots":{"index":"index","follow":"follow","max-snippet":"max-snippet:-1","max-image-preview":"max-image-preview:large","max-video-preview":"max-video-preview:-1"},"canonical":"https:\/\/www.irum.ro\/hu\/a-vallalatrol\/alkatreszek\/","og_locale":"hu_HU","og_type":"article","og_title":"IRUM - ALKATR\u00c9SZEK","og_description":"ALKATR\u00c9SZEK TAGRO MEZ\u0150GAZDA\u00c1GI TRAKTOROK F\u00fcggetlen\u00fcl att\u00f3l, hogy IRUM TAGRO traktorja","og_url":"https:\/\/www.irum.ro\/hu\/a-vallalatrol\/alkatreszek\/","og_site_name":"IRUM","article_modified_time":"2022-05-04T09:59:44+00:00","og_image":[{"width":1109,"height":485,"url":"https:\/\/www.irum.ro\/wp-content\/uploads\/2022\/03\/piese_belarus_9.jpg","type":"image\/jpeg"}],"twitter_card":"summary_large_image","twitter_misc":{"Becs\u00fclt olvas\u00e1si id\u0151":"2 perc"},"schema":{"@context":"https:\/\/schema.org","@graph":[{"@type":"WebPage","@id":"https:\/\/www.irum.ro\/hu\/a-vallalatrol\/alkatreszek\/","url":"https:\/\/www.irum.ro\/hu\/a-vallalatrol\/alkatreszek\/","name":"IRUM - ALKATR\u00c9SZEK","isPartOf":{"@id":"https:\/\/www.irum.ro\/hu\/#website"},"datePublished":"2022-03-14T11:39:28+00:00","dateModified":"2022-05-04T09:59:44+00:00","breadcrumb":{"@id":"https:\/\/www.irum.ro\/hu\/a-vallalatrol\/alkatreszek\/#breadcrumb"},"inLanguage":"hu","potentialAction":[{"@type":"ReadAction","target":["https:\/\/www.irum.ro\/hu\/a-vallalatrol\/alkatreszek\/"]}]},{"@type":"BreadcrumbList","@id":"https:\/\/www.irum.ro\/hu\/a-vallalatrol\/alkatreszek\/#breadcrumb","itemListElement":[{"@type":"ListItem","position":1,"name":"Prima pagin\u0103","item":"https:\/\/www.irum.ro\/hu\/"},{"@type":"ListItem","position":2,"name":"ALKATR\u00c9SZEK"}]},{"@type":"WebSite","@id":"https:\/\/www.irum.ro\/hu\/#website","url":"https:\/\/www.irum.ro\/hu\/","name":"IRUM","description":"Tractoare Rom\u00e2ne\u0219ti","potentialAction":[{"@type":"SearchAction","target":{"@type":"EntryPoint","urlTemplate":"https:\/\/www.irum.ro\/hu\/?s={search_term_string}"},"query-input":"required name=search_term_string"}],"inLanguage":"hu"}]}},"_links":{"self":[{"href":"https:\/\/www.irum.ro\/hu\/wp-json\/wp\/v2\/pages\/12067","targetHints":{"allow":["GET"]}}],"collection":[{"href":"https:\/\/www.irum.ro\/hu\/wp-json\/wp\/v2\/pages"}],"about":[{"href":"https:\/\/www.irum.ro\/hu\/wp-json\/wp\/v2\/types\/page"}],"author":[{"embeddable":true,"href":"https:\/\/www.irum.ro\/hu\/wp-json\/wp\/v2\/users\/1"}],"replies":[{"embeddable":true,"href":"https:\/\/www.irum.ro\/hu\/wp-json\/wp\/v2\/comments?post=12067"}],"version-history":[{"count":0,"href":"https:\/\/www.irum.ro\/hu\/wp-json\/wp\/v2\/pages\/12067\/revisions"}],"up":[{"embeddable":true,"href":"https:\/\/www.irum.ro\/hu\/wp-json\/wp\/v2\/pages\/12168"}],"wp:featuredmedia":[{"embeddable":true,"href":"https:\/\/www.irum.ro\/hu\/wp-json\/wp\/v2\/media\/6688"}],"wp:attachment":[{"href":"https:\/\/www.irum.ro\/hu\/wp-json\/wp\/v2\/media?parent=12067"}],"curies":[{"name":"wp","href":"https:\/\/api.w.org\/{rel}","templated":true}]}}