{"id":12058,"date":"2022-03-14T10:24:31","date_gmt":"2022-03-14T10:24:31","guid":{"rendered":"https:\/\/www.irum.ro\/servizkozpont\/"},"modified":"2022-05-04T10:20:06","modified_gmt":"2022-05-04T10:20:06","slug":"servizkozpont","status":"publish","type":"page","link":"https:\/\/www.irum.ro\/hu\/servizkozpont\/","title":{"rendered":"SERVIZK\u00d6ZPONT"},"content":{"rendered":"\t\t<div data-elementor-type=\"wp-page\" data-elementor-id=\"12058\" class=\"elementor elementor-12058 elementor-3962\" data-elementor-settings=\"[]\">\n\t\t\t\t\t\t\t<div class=\"elementor-section-wrap\">\n\t\t\t\t\t\t\t<section class=\"elementor-section elementor-top-section elementor-element elementor-element-3baba36 elementor-section-full_width elementor-hidden-mobile elementor-section-height-default elementor-section-height-default\" data-id=\"3baba36\" data-element_type=\"section\" data-settings=\"{&quot;background_background&quot;:&quot;classic&quot;}\">\n\t\t\t\t\t\t<div class=\"elementor-container elementor-column-gap-default\">\n\t\t\t\t\t<div class=\"elementor-column elementor-col-100 elementor-top-column elementor-element elementor-element-6482231\" data-id=\"6482231\" data-element_type=\"column\">\n\t\t\t<div class=\"elementor-widget-wrap elementor-element-populated\">\n\t\t\t\t\t\t\t\t<div class=\"elementor-element elementor-element-a160483 elementor-widget elementor-widget-spacer\" data-id=\"a160483\" data-element_type=\"widget\" data-widget_type=\"spacer.default\">\n\t\t\t\t<div class=\"elementor-widget-container\">\n\t\t\t\t\t<div class=\"elementor-spacer\">\n\t\t\t<div class=\"elementor-spacer-inner\"><\/div>\n\t\t<\/div>\n\t\t\t\t<\/div>\n\t\t\t\t<\/div>\n\t\t\t\t\t<\/div>\n\t\t<\/div>\n\t\t\t\t\t\t\t<\/div>\n\t\t<\/section>\n\t\t\t\t<section class=\"elementor-section elementor-top-section elementor-element elementor-element-0d296ea elementor-section-full_width elementor-hidden-desktop elementor-hidden-tablet elementor-section-height-default elementor-section-height-default\" data-id=\"0d296ea\" data-element_type=\"section\" data-settings=\"{&quot;background_background&quot;:&quot;classic&quot;}\">\n\t\t\t\t\t\t<div class=\"elementor-container elementor-column-gap-default\">\n\t\t\t\t\t<div class=\"elementor-column elementor-col-100 elementor-top-column elementor-element elementor-element-b3c321e\" data-id=\"b3c321e\" data-element_type=\"column\">\n\t\t\t<div class=\"elementor-widget-wrap elementor-element-populated\">\n\t\t\t\t\t\t\t\t<div class=\"elementor-element elementor-element-68e627a elementor-widget elementor-widget-spacer\" data-id=\"68e627a\" data-element_type=\"widget\" data-widget_type=\"spacer.default\">\n\t\t\t\t<div class=\"elementor-widget-container\">\n\t\t\t\t\t<div class=\"elementor-spacer\">\n\t\t\t<div class=\"elementor-spacer-inner\"><\/div>\n\t\t<\/div>\n\t\t\t\t<\/div>\n\t\t\t\t<\/div>\n\t\t\t\t\t<\/div>\n\t\t<\/div>\n\t\t\t\t\t\t\t<\/div>\n\t\t<\/section>\n\t\t\t\t<section class=\"elementor-section elementor-top-section elementor-element elementor-element-4563d96 elementor-hidden-mobile elementor-section-boxed elementor-section-height-default elementor-section-height-default\" data-id=\"4563d96\" data-element_type=\"section\" data-settings=\"{&quot;background_background&quot;:&quot;classic&quot;}\">\n\t\t\t\t\t\t<div class=\"elementor-container elementor-column-gap-default\">\n\t\t\t\t\t<div class=\"elementor-column elementor-col-50 elementor-top-column elementor-element elementor-element-a4d52ec\" data-id=\"a4d52ec\" data-element_type=\"column\">\n\t\t\t<div class=\"elementor-widget-wrap elementor-element-populated\">\n\t\t\t\t\t\t\t\t<div class=\"elementor-element elementor-element-c7a41f3 elementor-widget elementor-widget-image\" data-id=\"c7a41f3\" data-element_type=\"widget\" data-widget_type=\"image.default\">\n\t\t\t\t<div class=\"elementor-widget-container\">\n\t\t\t<style>\/*! elementor - v3.5.6 - 28-02-2022 *\/\n.elementor-widget-image{text-align:center}.elementor-widget-image a{display:inline-block}.elementor-widget-image a img[src$=\".svg\"]{width:48px}.elementor-widget-image img{vertical-align:middle;display:inline-block}<\/style>\t\t\t\t\t\t\t\t\t\t\t\t<img decoding=\"async\" src=\"https:\/\/www.irum.ro\/wp-content\/uploads\/elementor\/thumbs\/service-3-pmpojoekkkzlx89g4ao7276kw7gw9ocjwkazwkzg1s.png\" title=\"service\" alt=\"service\" \/>\t\t\t\t\t\t\t\t\t\t\t\t\t\t\t<\/div>\n\t\t\t\t<\/div>\n\t\t\t\t\t<\/div>\n\t\t<\/div>\n\t\t\t\t<div class=\"elementor-column elementor-col-50 elementor-top-column elementor-element elementor-element-c0d49ea\" data-id=\"c0d49ea\" data-element_type=\"column\">\n\t\t\t<div class=\"elementor-widget-wrap elementor-element-populated\">\n\t\t\t\t\t\t\t\t<div class=\"elementor-element elementor-element-bca82fe elementor-widget elementor-widget-heading\" data-id=\"bca82fe\" data-element_type=\"widget\" data-widget_type=\"heading.default\">\n\t\t\t\t<div class=\"elementor-widget-container\">\n\t\t\t<style>\/*! elementor - v3.5.6 - 28-02-2022 *\/\n.elementor-heading-title{padding:0;margin:0;line-height:1}.elementor-widget-heading .elementor-heading-title[class*=elementor-size-]>a{color:inherit;font-size:inherit;line-height:inherit}.elementor-widget-heading .elementor-heading-title.elementor-size-small{font-size:15px}.elementor-widget-heading .elementor-heading-title.elementor-size-medium{font-size:19px}.elementor-widget-heading .elementor-heading-title.elementor-size-large{font-size:29px}.elementor-widget-heading .elementor-heading-title.elementor-size-xl{font-size:39px}.elementor-widget-heading .elementor-heading-title.elementor-size-xxl{font-size:59px}<\/style><h2 class=\"elementor-heading-title elementor-size-default\">SERVIZK\u00d6ZPONT<\/h2>\t\t<\/div>\n\t\t\t\t<\/div>\n\t\t\t\t<div class=\"elementor-element elementor-element-c03a38a elementor-widget elementor-widget-text-editor\" data-id=\"c03a38a\" data-element_type=\"widget\" data-widget_type=\"text-editor.default\">\n\t\t\t\t<div class=\"elementor-widget-container\">\n\t\t\t<style>\/*! elementor - v3.5.6 - 28-02-2022 *\/\n.elementor-widget-text-editor.elementor-drop-cap-view-stacked .elementor-drop-cap{background-color:#818a91;color:#fff}.elementor-widget-text-editor.elementor-drop-cap-view-framed .elementor-drop-cap{color:#818a91;border:3px solid;background-color:transparent}.elementor-widget-text-editor:not(.elementor-drop-cap-view-default) .elementor-drop-cap{margin-top:8px}.elementor-widget-text-editor:not(.elementor-drop-cap-view-default) .elementor-drop-cap-letter{width:1em;height:1em}.elementor-widget-text-editor .elementor-drop-cap{float:left;text-align:center;line-height:1;font-size:50px}.elementor-widget-text-editor .elementor-drop-cap-letter{display:inline-block}<\/style>\t\t\t\tAz IRUM \u00fcgyfelek mind a garanci\u00e1lis id\u0151szak alatt, mind annak lej\u00e1r\u00e1sa ut\u00e1n r\u00e9szes\u00fclnek a m\u0171szaki seg\u00edts\u00e9gny\u00fajt\u00e1si szolg\u00e1ltat\u00e1sb\u00f3l. Ez a szolg\u00e1ltat\u00e1s ingyenes azon \u00fcgyfelek sz\u00e1m\u00e1ra, akik j\u00e1rm\u0171vei garanci\u00e1lis id\u0151szakban vannak. A technikai seg\u00edts\u00e9gny\u00fajt\u00f3 szolg\u00e1ltat\u00e1s a nap 24 \u00f3r\u00e1j\u00e1ban, a h\u00e9t 7 napj\u00e1n, az \u00e9v 365 napj\u00e1n el\u00e9rhet\u0151, orsz\u00e1gos lefedetts\u00e9get ny\u00fajt, sz\u00e1mos beavatkoz\u00e1si csapattal rendelkezik, speci\u00e1lis diagnosztikai \u00e9s intervenci\u00f3s berendez\u00e9sekkel felszerelt, k\u00e9szen \u00e1ll az \u00d6n seg\u00edts\u00e9g\u00e9re. Az IRUM lehet\u0151s\u00e9g szerint a helysz\u00ednen \u00e9s a legjobb k\u00f6r\u00fclm\u00e9nyek k\u00f6z\u00f6tt megszervezi a g\u00e9p hibaelh\u00e1r\u00edt\u00e1s\u00e1t. A felt\u00e9telekt\u0151l f\u00fcggetlen\u00fcl az IRUM szolg\u00e1ltat\u00e1s magas sz\u00ednvonal\u00e1ra sz\u00e1m\u00edthat: s\u00fcrg\u0151ss\u00e9gi seg\u00edts\u00e9gny\u00fajt\u00e1s, seg\u00edts\u00e9gszervez\u00e9s, ellen\u0151rz\u00e9s \u00e9s koordin\u00e1ci\u00f3, valamint k\u00e9pzett \u00e9s tapasztalt szakemberek. Ha a j\u00e1rm\u0171 a helysz\u00ednen nem jav\u00edthat\u00f3 \u00e9s vontat\u00e1sra van sz\u00fcks\u00e9g, a j\u00e1rm\u0171vet a legk\u00f6zelebbi IRUM hivatalos szervizbe vontatj\u00e1k.\t\t\t\t\t\t<\/div>\n\t\t\t\t<\/div>\n\t\t\t\t<div class=\"elementor-element elementor-element-9017028 elementor-widget elementor-widget-button\" data-id=\"9017028\" data-element_type=\"widget\" data-widget_type=\"button.default\">\n\t\t\t\t<div class=\"elementor-widget-container\">\n\t\t\t\t\t<div class=\"elementor-button-wrapper\">\n\t\t\t<a href=\"http:\/\/www.irum.ro\/contact\/\" class=\"elementor-button-link elementor-button elementor-size-sm\" role=\"button\">\n\t\t\t\t\t\t<span class=\"elementor-button-content-wrapper\">\n\t\t\t\t\t\t<span class=\"elementor-button-text\">KAPCSOLAT <\/span>\n\t\t<\/span>\n\t\t\t\t\t<\/a>\n\t\t<\/div>\n\t\t\t\t<\/div>\n\t\t\t\t<\/div>\n\t\t\t\t\t<\/div>\n\t\t<\/div>\n\t\t\t\t\t\t\t<\/div>\n\t\t<\/section>\n\t\t\t\t<section class=\"elementor-section elementor-top-section elementor-element elementor-element-7b0b7d5 elementor-hidden-desktop elementor-hidden-tablet elementor-section-boxed elementor-section-height-default elementor-section-height-default\" data-id=\"7b0b7d5\" data-element_type=\"section\" data-settings=\"{&quot;background_background&quot;:&quot;classic&quot;}\">\n\t\t\t\t\t\t<div class=\"elementor-container elementor-column-gap-default\">\n\t\t\t\t\t<div class=\"elementor-column elementor-col-50 elementor-top-column elementor-element elementor-element-658ef2e\" data-id=\"658ef2e\" data-element_type=\"column\">\n\t\t\t<div class=\"elementor-widget-wrap elementor-element-populated\">\n\t\t\t\t\t\t\t\t<div class=\"elementor-element elementor-element-ce65e89 elementor-widget elementor-widget-heading\" data-id=\"ce65e89\" data-element_type=\"widget\" data-widget_type=\"heading.default\">\n\t\t\t\t<div class=\"elementor-widget-container\">\n\t\t\t<h2 class=\"elementor-heading-title elementor-size-default\">SERVIZK\u00d6ZPONT<\/h2>\t\t<\/div>\n\t\t\t\t<\/div>\n\t\t\t\t<div class=\"elementor-element elementor-element-3422165 elementor-widget elementor-widget-image\" data-id=\"3422165\" data-element_type=\"widget\" data-widget_type=\"image.default\">\n\t\t\t\t<div class=\"elementor-widget-container\">\n\t\t\t\t\t\t\t\t\t\t\t\t\t\t\t<img decoding=\"async\" src=\"https:\/\/www.irum.ro\/wp-content\/uploads\/elementor\/thumbs\/service-3-pmpojoekkkzlx89g4ao7276kw7gw9ocjwkazwkzg1s.png\" title=\"service\" alt=\"service\" \/>\t\t\t\t\t\t\t\t\t\t\t\t\t\t\t<\/div>\n\t\t\t\t<\/div>\n\t\t\t\t\t<\/div>\n\t\t<\/div>\n\t\t\t\t<div class=\"elementor-column elementor-col-50 elementor-top-column elementor-element elementor-element-b33553c\" data-id=\"b33553c\" data-element_type=\"column\">\n\t\t\t<div class=\"elementor-widget-wrap elementor-element-populated\">\n\t\t\t\t\t\t\t\t<div class=\"elementor-element elementor-element-11213ad elementor-widget elementor-widget-text-editor\" data-id=\"11213ad\" data-element_type=\"widget\" data-widget_type=\"text-editor.default\">\n\t\t\t\t<div class=\"elementor-widget-container\">\n\t\t\t\t\t\t\tAz IRUM \u00fcgyfelek mind a garanci\u00e1lis id\u0151szak alatt, mind annak lej\u00e1r\u00e1sa ut\u00e1n r\u00e9szes\u00fclnek a m\u0171szaki seg\u00edts\u00e9gny\u00fajt\u00e1si szolg\u00e1ltat\u00e1sb\u00f3l. Ez a szolg\u00e1ltat\u00e1s ingyenes azon \u00fcgyfelek sz\u00e1m\u00e1ra, akik j\u00e1rm\u0171vei garanci\u00e1lis id\u0151szakban vannak. A technikai seg\u00edts\u00e9gny\u00fajt\u00f3 szolg\u00e1ltat\u00e1s a nap 24 \u00f3r\u00e1j\u00e1ban, a h\u00e9t 7 napj\u00e1n, az \u00e9v 365 napj\u00e1n el\u00e9rhet\u0151, orsz\u00e1gos lefedetts\u00e9get ny\u00fajt, sz\u00e1mos beavatkoz\u00e1si csapattal rendelkezik, speci\u00e1lis diagnosztikai \u00e9s intervenci\u00f3s berendez\u00e9sekkel felszerelt, k\u00e9szen \u00e1ll az \u00d6n seg\u00edts\u00e9g\u00e9re. \u00cen m\u0103sura posibilit\u0103\u021bilor, IRUM va organiza la fa\u021ba locului \u0219i \u00een cele mai bune condi\u021bii depanarea utilajului. A felt\u00e9telekt\u0151l f\u00fcggetlen\u00fcl az IRUM szolg\u00e1ltat\u00e1s magas sz\u00ednvonal\u00e1ra sz\u00e1m\u00edthat: s\u00fcrg\u0151ss\u00e9gi seg\u00edts\u00e9gny\u00fajt\u00e1s, seg\u00edts\u00e9gszervez\u00e9s, ellen\u0151rz\u00e9s \u00e9s koordin\u00e1ci\u00f3, valamint k\u00e9pzett \u00e9s tapasztalt szakemberek. Ha a j\u00e1rm\u0171 a helysz\u00ednen nem jav\u00edthat\u00f3 \u00e9s vontat\u00e1sra van sz\u00fcks\u00e9g, a j\u00e1rm\u0171vet a legk\u00f6zelebbi IRUM hivatalos szervizbe vontatj\u00e1k.\t\t\t\t\t\t<\/div>\n\t\t\t\t<\/div>\n\t\t\t\t<div class=\"elementor-element elementor-element-de5d300 elementor-mobile-align-center elementor-widget elementor-widget-button\" data-id=\"de5d300\" data-element_type=\"widget\" data-widget_type=\"button.default\">\n\t\t\t\t<div class=\"elementor-widget-container\">\n\t\t\t\t\t<div class=\"elementor-button-wrapper\">\n\t\t\t<a href=\"http:\/\/www.irum.ro\/contact\/\" class=\"elementor-button-link elementor-button elementor-size-sm\" role=\"button\">\n\t\t\t\t\t\t<span class=\"elementor-button-content-wrapper\">\n\t\t\t\t\t\t<span class=\"elementor-button-text\">KAPCSOLAT <\/span>\n\t\t<\/span>\n\t\t\t\t\t<\/a>\n\t\t<\/div>\n\t\t\t\t<\/div>\n\t\t\t\t<\/div>\n\t\t\t\t\t<\/div>\n\t\t<\/div>\n\t\t\t\t\t\t\t<\/div>\n\t\t<\/section>\n\t\t\t\t<section class=\"elementor-section elementor-top-section elementor-element elementor-element-18d00c2 elementor-section-boxed elementor-section-height-default elementor-section-height-default\" data-id=\"18d00c2\" data-element_type=\"section\" data-settings=\"{&quot;background_background&quot;:&quot;classic&quot;}\">\n\t\t\t\t\t\t<div class=\"elementor-container elementor-column-gap-default\">\n\t\t\t\t\t<div class=\"elementor-column elementor-col-50 elementor-top-column elementor-element elementor-element-9cdb5ba\" data-id=\"9cdb5ba\" data-element_type=\"column\">\n\t\t\t<div class=\"elementor-widget-wrap elementor-element-populated\">\n\t\t\t\t\t\t\t\t<div class=\"elementor-element elementor-element-61054cb elementor-widget elementor-widget-heading\" data-id=\"61054cb\" data-element_type=\"widget\" data-widget_type=\"heading.default\">\n\t\t\t\t<div class=\"elementor-widget-container\">\n\t\t\t<h2 class=\"elementor-heading-title elementor-size-default\">K\u00e9rd\u00e9se van? H\u00edvjon most! <\/h2>\t\t<\/div>\n\t\t\t\t<\/div>\n\t\t\t\t\t<\/div>\n\t\t<\/div>\n\t\t\t\t<div class=\"elementor-column elementor-col-50 elementor-top-column elementor-element elementor-element-f5f370c\" data-id=\"f5f370c\" data-element_type=\"column\">\n\t\t\t<div class=\"elementor-widget-wrap elementor-element-populated\">\n\t\t\t\t\t\t\t\t<div class=\"elementor-element elementor-element-7ab1e94 elementor-widget__width-initial elementor-absolute elementor-view-default elementor-widget elementor-widget-icon\" data-id=\"7ab1e94\" data-element_type=\"widget\" data-settings=\"{&quot;_position&quot;:&quot;absolute&quot;}\" data-widget_type=\"icon.default\">\n\t\t\t\t<div class=\"elementor-widget-container\">\n\t\t\t\t\t<div class=\"elementor-icon-wrapper\">\n\t\t\t<div class=\"elementor-icon\">\n\t\t\t<i aria-hidden=\"true\" class=\"fas fa-phone-alt\"><\/i>\t\t\t<\/div>\n\t\t<\/div>\n\t\t\t\t<\/div>\n\t\t\t\t<\/div>\n\t\t\t\t<div class=\"elementor-element elementor-element-b5848ba elementor-widget__width-initial elementor-absolute elementor-widget elementor-widget-heading\" data-id=\"b5848ba\" data-element_type=\"widget\" data-settings=\"{&quot;_position&quot;:&quot;absolute&quot;}\" data-widget_type=\"heading.default\">\n\t\t\t\t<div class=\"elementor-widget-container\">\n\t\t\t<h2 class=\"elementor-heading-title elementor-size-default\"> <a href=\"tel:0365450001\">0040 365 450 001<\/a><\/h2>\t\t<\/div>\n\t\t\t\t<\/div>\n\t\t\t\t\t<\/div>\n\t\t<\/div>\n\t\t\t\t\t\t\t<\/div>\n\t\t<\/section>\n\t\t\t\t<section class=\"elementor-section elementor-top-section elementor-element elementor-element-59dc8cd elementor-section-stretched elementor-section-full_width elementor-section-height-default elementor-section-height-default\" data-id=\"59dc8cd\" data-element_type=\"section\" data-settings=\"{&quot;stretch_section&quot;:&quot;section-stretched&quot;}\">\n\t\t\t\t\t\t<div class=\"elementor-container elementor-column-gap-no\">\n\t\t\t\t\t<div class=\"elementor-column elementor-col-100 elementor-top-column elementor-element elementor-element-4513196\" data-id=\"4513196\" data-element_type=\"column\">\n\t\t\t<div class=\"elementor-widget-wrap elementor-element-populated\">\n\t\t\t\t\t\t\t\t<div class=\"elementor-element elementor-element-b3d9515 elementor-widget elementor-widget-karde__feature\" data-id=\"b3d9515\" data-element_type=\"widget\" data-widget_type=\"karde__feature.default\">\n\t\t\t\t<div class=\"elementor-widget-container\">\n\t\t\t\n\t\t\t\t\t<section class=\"budget_feaute_area \n\t\t\twhite_budget_feature\t\t\t\"> \n\t\t\t<div class=\"container\">\n\t\t\t\t\t\t\t<div class=\"flag_center_title wow animated fadeInUp\" data-wow-delay=\"0.2s\">\n\t\t\t\t\t<h2>Mi\u00e9rt v\u00e1lassz minket?<\/h2>\n\t\t\t\t<\/div>\n\t\t\t\t\t\t\t<div class=\"row b_feature_inner\">\n\t\t\t\t\t\t\t\t<div class=\"col-lg-3 col-sm-6\">\n\t\t\t\t\t\t<div class=\"b_f_item wow animated fadeInLeft\" data-wow-delay=\"0.2s\">\n\t\t\t\t\t\t\t<div class=\"icon\">\n\t\t\t\t<i aria-hidden=\"true\" class=\"far fa-check-circle\"><\/i>\t\t\t\t\t\t\t<\/div>\n\t\t\t\t\t\t\t<a href=\"#\">\n\t\t\t\t\t\t\t<h4>Garanci\u00e1lis <\/h4>\n\t\t\t\t\t\t\t<\/a>\n\t\t\t\t\t\t\t<p>\n<\/p>\n\t\t\t\t\t\t<\/div>\n\t\t\t\t\t<\/div>\n\t\t\t\t\t\t\t\t<div class=\"col-lg-3 col-sm-6\">\n\t\t\t\t\t\t<div class=\"b_f_item wow animated fadeInLeft\" data-wow-delay=\"0.4s\">\n\t\t\t\t\t\t\t<div class=\"icon\">\n\t\t\t\t<i aria-hidden=\"true\" class=\" icon-setting\"><\/i>\t\t\t\t\t\t\t<\/div>\n\t\t\t\t\t\t\t<a href=\"#\">\n\t\t\t\t\t\t\t<h4>Hibaelh\u00e1r\u00edt\u00e1s<\/h4>\n\t\t\t\t\t\t\t<\/a>\n\t\t\t\t\t\t\t<p><\/p>\n\t\t\t\t\t\t<\/div>\n\t\t\t\t\t<\/div>\n\t\t\t\t\t\t\t\t<div class=\"col-lg-3 col-sm-6\">\n\t\t\t\t\t\t<div class=\"b_f_item wow animated fadeInLeft\" data-wow-delay=\"0.6s\">\n\t\t\t\t\t\t\t<div class=\"icon\">\n\t\t\t\t<i aria-hidden=\"true\" class=\" icon-car_shield\"><\/i>\t\t\t\t\t\t\t<\/div>\n\t\t\t\t\t\t\t<a href=\"#\">\n\t\t\t\t\t\t\t<h4>Technikai t\u00e1mogat\u00e1s<\/h4>\n\t\t\t\t\t\t\t<\/a>\n\t\t\t\t\t\t\t<p><\/p>\n\t\t\t\t\t\t<\/div>\n\t\t\t\t\t<\/div>\n\t\t\t\t\t\t\t\t<div class=\"col-lg-3 col-sm-6\">\n\t\t\t\t\t\t<div class=\"b_f_item wow animated fadeInLeft\" data-wow-delay=\"0.8s\">\n\t\t\t\t\t\t\t<div class=\"icon\">\n\t\t\t\t<i aria-hidden=\"true\" class=\" icon-car_body\"><\/i>\t\t\t\t\t\t\t<\/div>\n\t\t\t\t\t\t\t<a href=\"#\">\n\t\t\t\t\t\t\t<h4>Vontat\u00e1s<\/h4>\n\t\t\t\t\t\t\t<\/a>\n\t\t\t\t\t\t\t<p><\/p>\n\t\t\t\t\t\t<\/div>\n\t\t\t\t\t<\/div>\n\t\t\t\t\t\t\t<\/div>\n\t\t\t<\/div>\n\t\t<\/section>\n\t\t\t\t\t\t<\/div>\n\t\t\t\t<\/div>\n\t\t\t\t\t<\/div>\n\t\t<\/div>\n\t\t\t\t\t\t\t<\/div>\n\t\t<\/section>\n\t\t\t\t<section class=\"elementor-section elementor-top-section elementor-element elementor-element-31410b2 elementor-section-boxed elementor-section-height-default elementor-section-height-default\" data-id=\"31410b2\" data-element_type=\"section\">\n\t\t\t\t\t\t<div class=\"elementor-container elementor-column-gap-default\">\n\t\t\t\t\t<div class=\"elementor-column elementor-col-100 elementor-top-column elementor-element elementor-element-553c4ee\" data-id=\"553c4ee\" data-element_type=\"column\">\n\t\t\t<div class=\"elementor-widget-wrap\">\n\t\t\t\t\t\t\t\t\t<\/div>\n\t\t<\/div>\n\t\t\t\t\t\t\t<\/div>\n\t\t<\/section>\n\t\t\t\t\t\t<\/div>\n\t\t\t\t\t<\/div>\n\t\t","protected":false},"excerpt":{"rendered":"<p>SERVIZK\u00d6ZPONT Az IRUM \u00fcgyfelek mind a garanci\u00e1lis id\u0151szak alatt, mind<\/p>\n","protected":false},"author":1,"featured_media":6676,"parent":0,"menu_order":0,"comment_status":"closed","ping_status":"closed","template":"elementor_header_footer","meta":{"om_disable_all_campaigns":false,"footnotes":""},"class_list":["post-12058","page","type-page","status-publish","has-post-thumbnail","hentry"],"yoast_head":"<!-- This site is optimized with the Yoast SEO plugin v20.7 - https:\/\/yoast.com\/wordpress\/plugins\/seo\/ -->\n<title>IRUM - SERVIZK\u00d6ZPONT<\/title>\n<meta name=\"robots\" content=\"index, follow, max-snippet:-1, max-image-preview:large, max-video-preview:-1\" \/>\n<link rel=\"canonical\" href=\"https:\/\/www.irum.ro\/hu\/servizkozpont\/\" \/>\n<meta property=\"og:locale\" content=\"hu_HU\" \/>\n<meta property=\"og:type\" content=\"article\" \/>\n<meta property=\"og:title\" content=\"IRUM - SERVIZK\u00d6ZPONT\" \/>\n<meta property=\"og:description\" content=\"SERVIZK\u00d6ZPONT Az IRUM \u00fcgyfelek mind a garanci\u00e1lis id\u0151szak alatt, mind\" \/>\n<meta property=\"og:url\" content=\"https:\/\/www.irum.ro\/hu\/servizkozpont\/\" \/>\n<meta property=\"og:site_name\" content=\"IRUM\" \/>\n<meta property=\"article:modified_time\" content=\"2022-05-04T10:20:06+00:00\" \/>\n<meta property=\"og:image\" content=\"https:\/\/www.irum.ro\/wp-content\/uploads\/2022\/03\/service-2.jpg\" \/>\n\t<meta property=\"og:image:width\" content=\"1109\" \/>\n\t<meta property=\"og:image:height\" content=\"485\" \/>\n\t<meta property=\"og:image:type\" content=\"image\/jpeg\" \/>\n<meta name=\"twitter:card\" content=\"summary_large_image\" \/>\n<meta name=\"twitter:label1\" content=\"Becs\u00fclt olvas\u00e1si id\u0151\" \/>\n\t<meta name=\"twitter:data1\" content=\"2 perc\" \/>\n<script type=\"application\/ld+json\" class=\"yoast-schema-graph\">{\"@context\":\"https:\/\/schema.org\",\"@graph\":[{\"@type\":\"WebPage\",\"@id\":\"https:\/\/www.irum.ro\/hu\/servizkozpont\/\",\"url\":\"https:\/\/www.irum.ro\/hu\/servizkozpont\/\",\"name\":\"IRUM - SERVIZK\u00d6ZPONT\",\"isPartOf\":{\"@id\":\"https:\/\/www.irum.ro\/hu\/#website\"},\"datePublished\":\"2022-03-14T10:24:31+00:00\",\"dateModified\":\"2022-05-04T10:20:06+00:00\",\"breadcrumb\":{\"@id\":\"https:\/\/www.irum.ro\/hu\/servizkozpont\/#breadcrumb\"},\"inLanguage\":\"hu\",\"potentialAction\":[{\"@type\":\"ReadAction\",\"target\":[\"https:\/\/www.irum.ro\/hu\/servizkozpont\/\"]}]},{\"@type\":\"BreadcrumbList\",\"@id\":\"https:\/\/www.irum.ro\/hu\/servizkozpont\/#breadcrumb\",\"itemListElement\":[{\"@type\":\"ListItem\",\"position\":1,\"name\":\"Prima pagin\u0103\",\"item\":\"https:\/\/www.irum.ro\/hu\/\"},{\"@type\":\"ListItem\",\"position\":2,\"name\":\"SERVIZK\u00d6ZPONT\"}]},{\"@type\":\"WebSite\",\"@id\":\"https:\/\/www.irum.ro\/hu\/#website\",\"url\":\"https:\/\/www.irum.ro\/hu\/\",\"name\":\"IRUM\",\"description\":\"Tractoare Rom\u00e2ne\u0219ti\",\"potentialAction\":[{\"@type\":\"SearchAction\",\"target\":{\"@type\":\"EntryPoint\",\"urlTemplate\":\"https:\/\/www.irum.ro\/hu\/?s={search_term_string}\"},\"query-input\":\"required name=search_term_string\"}],\"inLanguage\":\"hu\"}]}<\/script>\n<!-- \/ Yoast SEO plugin. -->","yoast_head_json":{"title":"IRUM - SERVIZK\u00d6ZPONT","robots":{"index":"index","follow":"follow","max-snippet":"max-snippet:-1","max-image-preview":"max-image-preview:large","max-video-preview":"max-video-preview:-1"},"canonical":"https:\/\/www.irum.ro\/hu\/servizkozpont\/","og_locale":"hu_HU","og_type":"article","og_title":"IRUM - SERVIZK\u00d6ZPONT","og_description":"SERVIZK\u00d6ZPONT Az IRUM \u00fcgyfelek mind a garanci\u00e1lis id\u0151szak alatt, mind","og_url":"https:\/\/www.irum.ro\/hu\/servizkozpont\/","og_site_name":"IRUM","article_modified_time":"2022-05-04T10:20:06+00:00","og_image":[{"width":1109,"height":485,"url":"https:\/\/www.irum.ro\/wp-content\/uploads\/2022\/03\/service-2.jpg","type":"image\/jpeg"}],"twitter_card":"summary_large_image","twitter_misc":{"Becs\u00fclt olvas\u00e1si id\u0151":"2 perc"},"schema":{"@context":"https:\/\/schema.org","@graph":[{"@type":"WebPage","@id":"https:\/\/www.irum.ro\/hu\/servizkozpont\/","url":"https:\/\/www.irum.ro\/hu\/servizkozpont\/","name":"IRUM - SERVIZK\u00d6ZPONT","isPartOf":{"@id":"https:\/\/www.irum.ro\/hu\/#website"},"datePublished":"2022-03-14T10:24:31+00:00","dateModified":"2022-05-04T10:20:06+00:00","breadcrumb":{"@id":"https:\/\/www.irum.ro\/hu\/servizkozpont\/#breadcrumb"},"inLanguage":"hu","potentialAction":[{"@type":"ReadAction","target":["https:\/\/www.irum.ro\/hu\/servizkozpont\/"]}]},{"@type":"BreadcrumbList","@id":"https:\/\/www.irum.ro\/hu\/servizkozpont\/#breadcrumb","itemListElement":[{"@type":"ListItem","position":1,"name":"Prima pagin\u0103","item":"https:\/\/www.irum.ro\/hu\/"},{"@type":"ListItem","position":2,"name":"SERVIZK\u00d6ZPONT"}]},{"@type":"WebSite","@id":"https:\/\/www.irum.ro\/hu\/#website","url":"https:\/\/www.irum.ro\/hu\/","name":"IRUM","description":"Tractoare Rom\u00e2ne\u0219ti","potentialAction":[{"@type":"SearchAction","target":{"@type":"EntryPoint","urlTemplate":"https:\/\/www.irum.ro\/hu\/?s={search_term_string}"},"query-input":"required name=search_term_string"}],"inLanguage":"hu"}]}},"_links":{"self":[{"href":"https:\/\/www.irum.ro\/hu\/wp-json\/wp\/v2\/pages\/12058","targetHints":{"allow":["GET"]}}],"collection":[{"href":"https:\/\/www.irum.ro\/hu\/wp-json\/wp\/v2\/pages"}],"about":[{"href":"https:\/\/www.irum.ro\/hu\/wp-json\/wp\/v2\/types\/page"}],"author":[{"embeddable":true,"href":"https:\/\/www.irum.ro\/hu\/wp-json\/wp\/v2\/users\/1"}],"replies":[{"embeddable":true,"href":"https:\/\/www.irum.ro\/hu\/wp-json\/wp\/v2\/comments?post=12058"}],"version-history":[{"count":0,"href":"https:\/\/www.irum.ro\/hu\/wp-json\/wp\/v2\/pages\/12058\/revisions"}],"wp:featuredmedia":[{"embeddable":true,"href":"https:\/\/www.irum.ro\/hu\/wp-json\/wp\/v2\/media\/6676"}],"wp:attachment":[{"href":"https:\/\/www.irum.ro\/hu\/wp-json\/wp\/v2\/media?parent=12058"}],"curies":[{"name":"wp","href":"https:\/\/api.w.org\/{rel}","templated":true}]}}